{"id":21890,"date":"2025-05-05T12:20:47","date_gmt":"2025-05-05T12:20:47","guid":{"rendered":"https:\/\/mobecor.ee\/?post_type=product&#038;p=21890"},"modified":"2026-02-17T08:57:09","modified_gmt":"2026-02-17T06:57:09","slug":"kummut-novi-nvik-04","status":"publish","type":"product","link":"https:\/\/mobecor.ee\/en\/toode\/kummut-novi-nvik-04\/","title":{"rendered":"Kummut Novi NVIK 04 (130\/42,2\/92)"},"content":{"rendered":"<p>Kummutil on 3 ust ja 3 sahtlit.<br \/>\nMaterjal:\u00a0lamineeritud puitlaastplaat + MDF.<br \/>\nV\u00e4rv: alpivalge\/valge supermatt.<br \/>\nK\u00e4epidemed: k\u00e4epidemeteta s\u00fcsteem.<br \/>\nSahtlid: avanevad l\u00f5puni.<br \/>\nToode tarnitakse detailidena.<br \/>\nToodetud: Poolas.<\/p>\n","protected":false},"excerpt":{"rendered":"<p>Laius: 130 cm.<br \/>\nK\u00f5rgus:\u00a092 cm.<br \/>\nS\u00fcgavus:\u00a042,2 cm.<br \/>\nTarneaeg:\u00a04-8 n\u00e4dalat.<\/p>\n","protected":false},"featured_media":9216,"template":"","meta":{"_acf_changed":false,"inline_featured_image":false},"series":[2804],"product_brand":[2939],"product_cat":[36],"product_tag":[],"class_list":{"0":"post-21890","1":"product","2":"type-product","3":"status-publish","4":"has-post-thumbnail","6":"series-novi","7":"product_brand-extom","8":"product_cat-kummutid","10":"first","11":"instock","12":"taxable","13":"shipping-taxable","14":"purchasable","15":"product-type-simple"},"acf":[],"_links":{"self":[{"href":"https:\/\/mobecor.ee\/en\/wp-json\/wp\/v2\/product\/21890","targetHints":{"allow":["GET"]}}],"collection":[{"href":"https:\/\/mobecor.ee\/en\/wp-json\/wp\/v2\/product"}],"about":[{"href":"https:\/\/mobecor.ee\/en\/wp-json\/wp\/v2\/types\/product"}],"wp:featuredmedia":[{"embeddable":true,"href":"https:\/\/mobecor.ee\/en\/wp-json\/wp\/v2\/media\/9216"}],"wp:attachment":[{"href":"https:\/\/mobecor.ee\/en\/wp-json\/wp\/v2\/media?parent=21890"}],"wp:term":[{"taxonomy":"series","embeddable":true,"href":"https:\/\/mobecor.ee\/en\/wp-json\/wp\/v2\/series?post=21890"},{"taxonomy":"product_brand","embeddable":true,"href":"https:\/\/mobecor.ee\/en\/wp-json\/wp\/v2\/product_brand?post=21890"},{"taxonomy":"product_cat","embeddable":true,"href":"https:\/\/mobecor.ee\/en\/wp-json\/wp\/v2\/product_cat?post=21890"},{"taxonomy":"product_tag","embeddable":true,"href":"https:\/\/mobecor.ee\/en\/wp-json\/wp\/v2\/product_tag?post=21890"}],"curies":[{"name":"wp","href":"https:\/\/api.w.org\/{rel}","templated":true}]}}