{"id":21896,"date":"2025-05-05T12:21:11","date_gmt":"2025-05-05T12:21:11","guid":{"rendered":"https:\/\/mobecor.ee\/?post_type=product&#038;p=21896"},"modified":"2026-02-17T08:56:04","modified_gmt":"2026-02-17T06:56:04","slug":"kapp-novi-nvis-01","status":"publish","type":"product","link":"https:\/\/mobecor.ee\/en\/toode\/kapp-novi-nvis-01\/","title":{"rendered":"Kapp Novi NVIS 01 (62\/42,2\/198,5)"},"content":{"rendered":"<p>Kapil on 2 ust.<br \/>\nMaterjal:\u00a0lamineeritud puitlaastplaat + MDF.<br \/>\nV\u00e4rv: alpivalge\/valge supermatt.<br \/>\nK\u00e4epidemed: k\u00e4epidemeteta s\u00fcsteem.<br \/>\nToode tarnitakse detailidena.<br \/>\nToodetud: Poolas.<\/p>\n","protected":false},"excerpt":{"rendered":"<p>Laius: 62 cm.<br \/>\nS\u00fcgavus:\u00a042,2 cm.<br \/>\nK\u00f5rgus:\u00a0198,5 cm.<br \/>\nTarneaeg:\u00a04-8 n\u00e4dalat.<\/p>\n","protected":false},"featured_media":74845,"template":"","meta":{"_acf_changed":false,"inline_featured_image":false},"series":[2804],"product_brand":[2939],"product_cat":[68,98],"product_tag":[],"class_list":{"0":"post-21896","1":"product","2":"type-product","3":"status-publish","4":"has-post-thumbnail","6":"series-novi","7":"product_brand-extom","8":"product_cat-riiulid-ja-kapid","9":"product_cat-esiku-riiulid-ja-kapid","11":"first","12":"instock","13":"taxable","14":"shipping-taxable","15":"purchasable","16":"product-type-simple"},"acf":[],"_links":{"self":[{"href":"https:\/\/mobecor.ee\/en\/wp-json\/wp\/v2\/product\/21896","targetHints":{"allow":["GET"]}}],"collection":[{"href":"https:\/\/mobecor.ee\/en\/wp-json\/wp\/v2\/product"}],"about":[{"href":"https:\/\/mobecor.ee\/en\/wp-json\/wp\/v2\/types\/product"}],"wp:featuredmedia":[{"embeddable":true,"href":"https:\/\/mobecor.ee\/en\/wp-json\/wp\/v2\/media\/74845"}],"wp:attachment":[{"href":"https:\/\/mobecor.ee\/en\/wp-json\/wp\/v2\/media?parent=21896"}],"wp:term":[{"taxonomy":"series","embeddable":true,"href":"https:\/\/mobecor.ee\/en\/wp-json\/wp\/v2\/series?post=21896"},{"taxonomy":"product_brand","embeddable":true,"href":"https:\/\/mobecor.ee\/en\/wp-json\/wp\/v2\/product_brand?post=21896"},{"taxonomy":"product_cat","embeddable":true,"href":"https:\/\/mobecor.ee\/en\/wp-json\/wp\/v2\/product_cat?post=21896"},{"taxonomy":"product_tag","embeddable":true,"href":"https:\/\/mobecor.ee\/en\/wp-json\/wp\/v2\/product_tag?post=21896"}],"curies":[{"name":"wp","href":"https:\/\/api.w.org\/{rel}","templated":true}]}}