{"id":21920,"date":"2025-05-05T12:23:21","date_gmt":"2025-05-05T12:23:21","guid":{"rendered":"https:\/\/mobecor.ee\/?post_type=product&#038;p=21920"},"modified":"2025-12-16T13:09:07","modified_gmt":"2025-12-16T11:09:07","slug":"sahtlisisu-atira-50-13305","status":"publish","type":"product","link":"https:\/\/mobecor.ee\/en\/toode\/sahtlisisu-atira-50-13305\/","title":{"rendered":"Sahtlisisu Atira D3A\/50 13305"},"content":{"rendered":"<p>Sahtlisisu Hettich Atira s\u00fcsteemiga sahtlisse.<br \/>\nSahtlisisul on liigutatavad vaheseinad.<br \/>\nMaterjal: plastik.<br \/>\nV\u00e4rv: hall.<br \/>\nToodetud: Poolas.<br \/>\nLaius: 40,7 cm.<br \/>\nS\u00fcgavus: 46,2 cm.<br \/>\nK\u00f5rgus: 6,2 cm.<br \/>\nTarneaeg: 4-8 n\u00e4dalat.<\/p>\n<p lang=\"et-EE\">\n","protected":false},"excerpt":{"rendered":"<p>Sahtlisisu Hettich Atira s\u00fcsteemiga sahtlisse. Sahtlisisul on liigutatavad vaheseinad. Materjal: plastik. V\u00e4rv: hall. Toodetud: Poolas. Laius: 40,7 cm. S\u00fcgavus: 46,2&#8230;<\/p>\n","protected":false},"featured_media":9080,"template":"","meta":{"_acf_changed":false,"inline_featured_image":false},"series":[],"product_brand":[2939],"product_cat":[204,272,277,281,347,3177],"product_tag":[],"class_list":{"0":"post-21920","1":"product","2":"type-product","3":"status-publish","4":"has-post-thumbnail","6":"product_brand-extom","7":"product_cat-silver-porandakapid","8":"product_cat-bonn-porandakapid","9":"product_cat-quantum-porandakapid","10":"product_cat-malmo-porandakapid","11":"product_cat-avellino-alumised-kapid","12":"product_cat-koogimoobel-optimum-alumised-kapid","14":"first","15":"instock","16":"taxable","17":"shipping-taxable","18":"purchasable","19":"product-type-simple"},"acf":[],"_links":{"self":[{"href":"https:\/\/mobecor.ee\/en\/wp-json\/wp\/v2\/product\/21920","targetHints":{"allow":["GET"]}}],"collection":[{"href":"https:\/\/mobecor.ee\/en\/wp-json\/wp\/v2\/product"}],"about":[{"href":"https:\/\/mobecor.ee\/en\/wp-json\/wp\/v2\/types\/product"}],"wp:featuredmedia":[{"embeddable":true,"href":"https:\/\/mobecor.ee\/en\/wp-json\/wp\/v2\/media\/9080"}],"wp:attachment":[{"href":"https:\/\/mobecor.ee\/en\/wp-json\/wp\/v2\/media?parent=21920"}],"wp:term":[{"taxonomy":"series","embeddable":true,"href":"https:\/\/mobecor.ee\/en\/wp-json\/wp\/v2\/series?post=21920"},{"taxonomy":"product_brand","embeddable":true,"href":"https:\/\/mobecor.ee\/en\/wp-json\/wp\/v2\/product_brand?post=21920"},{"taxonomy":"product_cat","embeddable":true,"href":"https:\/\/mobecor.ee\/en\/wp-json\/wp\/v2\/product_cat?post=21920"},{"taxonomy":"product_tag","embeddable":true,"href":"https:\/\/mobecor.ee\/en\/wp-json\/wp\/v2\/product_tag?post=21920"}],"curies":[{"name":"wp","href":"https:\/\/api.w.org\/{rel}","templated":true}]}}