{"id":21923,"date":"2025-05-05T12:23:33","date_gmt":"2025-05-05T12:23:33","guid":{"rendered":"https:\/\/mobecor.ee\/?post_type=product&#038;p=21923"},"modified":"2025-12-16T13:07:30","modified_gmt":"2025-12-16T11:07:30","slug":"sahtlisisu-atira-d3a-90-13308","status":"publish","type":"product","link":"https:\/\/mobecor.ee\/en\/toode\/sahtlisisu-atira-d3a-90-13308\/","title":{"rendered":"Sahtlisisu Atira D3A\/90 13308"},"content":{"rendered":"<p>Sahtlisisu Hettich Atira s\u00fcsteemiga sahtlisse.<br \/>\nSahtlisisul on liigutatavad vaheseinad.<br \/>\nMaterjal: plastik.<br \/>\nV\u00e4rv: hall.<br \/>\nToodetud: Poolas.<br \/>\nLaius: 90,7 cm.<br \/>\nS\u00fcgavus: 46,2 cm.<br \/>\nK\u00f5rgus: 6,2 cm.<br \/>\nTarneaeg: 4-8 n\u00e4dalat.<\/p>\n<p lang=\"et-EE\">\n","protected":false},"excerpt":{"rendered":"<p>Sahtlisisu Hettich Atira s\u00fcsteemiga sahtlisse. Sahtlisisul on liigutatavad vaheseinad. Materjal: plastik. V\u00e4rv: hall. Toodetud: Poolas. Laius: 90,7 cm. S\u00fcgavus: 46,2&#8230;<\/p>\n","protected":false},"featured_media":9080,"template":"","meta":{"_acf_changed":false,"inline_featured_image":false},"series":[],"product_brand":[2939],"product_cat":[204,225,228,272,277,281,347,3177],"product_tag":[],"class_list":{"0":"post-21923","1":"product","2":"type-product","3":"status-publish","4":"has-post-thumbnail","6":"product_brand-extom","7":"product_cat-silver-porandakapid","8":"product_cat-essen-porandakapid","9":"product_cat-emporium-porandakapid","10":"product_cat-bonn-porandakapid","11":"product_cat-quantum-porandakapid","12":"product_cat-malmo-porandakapid","13":"product_cat-avellino-alumised-kapid","14":"product_cat-koogimoobel-optimum-alumised-kapid","16":"first","17":"instock","18":"taxable","19":"shipping-taxable","20":"purchasable","21":"product-type-simple"},"acf":[],"_links":{"self":[{"href":"https:\/\/mobecor.ee\/en\/wp-json\/wp\/v2\/product\/21923","targetHints":{"allow":["GET"]}}],"collection":[{"href":"https:\/\/mobecor.ee\/en\/wp-json\/wp\/v2\/product"}],"about":[{"href":"https:\/\/mobecor.ee\/en\/wp-json\/wp\/v2\/types\/product"}],"wp:featuredmedia":[{"embeddable":true,"href":"https:\/\/mobecor.ee\/en\/wp-json\/wp\/v2\/media\/9080"}],"wp:attachment":[{"href":"https:\/\/mobecor.ee\/en\/wp-json\/wp\/v2\/media?parent=21923"}],"wp:term":[{"taxonomy":"series","embeddable":true,"href":"https:\/\/mobecor.ee\/en\/wp-json\/wp\/v2\/series?post=21923"},{"taxonomy":"product_brand","embeddable":true,"href":"https:\/\/mobecor.ee\/en\/wp-json\/wp\/v2\/product_brand?post=21923"},{"taxonomy":"product_cat","embeddable":true,"href":"https:\/\/mobecor.ee\/en\/wp-json\/wp\/v2\/product_cat?post=21923"},{"taxonomy":"product_tag","embeddable":true,"href":"https:\/\/mobecor.ee\/en\/wp-json\/wp\/v2\/product_tag?post=21923"}],"curies":[{"name":"wp","href":"https:\/\/api.w.org\/{rel}","templated":true}]}}