{"id":21930,"date":"2025-05-05T12:24:07","date_gmt":"2025-05-05T12:24:07","guid":{"rendered":"https:\/\/mobecor.ee\/?post_type=product&#038;p=21930"},"modified":"2026-02-12T09:11:35","modified_gmt":"2026-02-12T07:11:35","slug":"jalanoudekapp-nevio-03","status":"publish","type":"product","link":"https:\/\/mobecor.ee\/en\/toode\/jalanoudekapp-nevio-03\/","title":{"rendered":"Jalan\u00f5udekapp Nevio 03 (70\/34\/94)"},"content":{"rendered":"<p>Jalan\u00f5udekapil on\u00a01 sahtel ja 2 ust.<br \/>\nSahtel on t\u00e4ielikult v\u00e4lja t\u00f5mmatav.<br \/>\nMaterjal: lamineeritud m\u00f6\u00f6bliplaat.<br \/>\nV\u00e4rv: tamm artisan.<br \/>\nK\u00e4epidemed: musta v\u00e4rvi plastikust.<br \/>\nJalad: musta v\u00e4rvi plastikust.<br \/>\nToodetud: Poolas.<br \/>\nToode tarnitakse detailidena.<\/p>\n<p>&nbsp;<\/p>\n","protected":false},"excerpt":{"rendered":"<p>Laius:\u00a070 cm.<br \/>\nS\u00fcgavus: 34 cm.<br \/>\nK\u00f5rgus:\u00a094 cm.<br \/>\nKaal:\u00a028,5 kg.<br \/>\nTarneaeg: 4-8 n\u00e4dalat.<span style=\"font-size: 10pt;\"><span style=\"line-height: 1.3em;\"><br \/>\n<\/span><\/span><\/p>\n","protected":false},"featured_media":73422,"template":"","meta":{"_acf_changed":false,"inline_featured_image":false},"series":[2800],"product_brand":[2938],"product_cat":[293],"product_tag":[],"class_list":{"0":"post-21930","1":"product","2":"type-product","3":"status-publish","4":"has-post-thumbnail","6":"series-nevio","7":"product_brand-ml-meble","8":"product_cat-jalanoudekapid","10":"first","11":"instock","12":"taxable","13":"shipping-taxable","14":"purchasable","15":"product-type-simple"},"acf":[],"_links":{"self":[{"href":"https:\/\/mobecor.ee\/en\/wp-json\/wp\/v2\/product\/21930","targetHints":{"allow":["GET"]}}],"collection":[{"href":"https:\/\/mobecor.ee\/en\/wp-json\/wp\/v2\/product"}],"about":[{"href":"https:\/\/mobecor.ee\/en\/wp-json\/wp\/v2\/types\/product"}],"wp:featuredmedia":[{"embeddable":true,"href":"https:\/\/mobecor.ee\/en\/wp-json\/wp\/v2\/media\/73422"}],"wp:attachment":[{"href":"https:\/\/mobecor.ee\/en\/wp-json\/wp\/v2\/media?parent=21930"}],"wp:term":[{"taxonomy":"series","embeddable":true,"href":"https:\/\/mobecor.ee\/en\/wp-json\/wp\/v2\/series?post=21930"},{"taxonomy":"product_brand","embeddable":true,"href":"https:\/\/mobecor.ee\/en\/wp-json\/wp\/v2\/product_brand?post=21930"},{"taxonomy":"product_cat","embeddable":true,"href":"https:\/\/mobecor.ee\/en\/wp-json\/wp\/v2\/product_cat?post=21930"},{"taxonomy":"product_tag","embeddable":true,"href":"https:\/\/mobecor.ee\/en\/wp-json\/wp\/v2\/product_tag?post=21930"}],"curies":[{"name":"wp","href":"https:\/\/api.w.org\/{rel}","templated":true}]}}