{"id":21951,"date":"2025-05-05T12:25:16","date_gmt":"2025-05-05T12:25:16","guid":{"rendered":"https:\/\/mobecor.ee\/?post_type=product&#038;p=21951"},"modified":"2026-02-13T09:25:17","modified_gmt":"2026-02-13T07:25:17","slug":"cali","status":"publish","type":"product","link":"https:\/\/mobecor.ee\/en\/toode\/cali\/","title":{"rendered":"Voodi Cali C-16 (160*200)"},"content":{"rendered":"<p>Pesukastiga voodi.<br \/>\nPeats on polsterdatud (kangas Royal Velvet).<br \/>\nVoodi on valmistatud lamineeritud m\u00f6\u00f6bliplaadist.<br \/>\nServad:\u00a0ABS.<br \/>\nV\u00e4rv: tamm artisan\/must.<br \/>\nVoodi jalutsis on moekad lamellid (musta v\u00e4rvi m\u00f6\u00f6bliplaat + MDF liistud v\u00e4rviga &#8211; tamm artisan).<br \/>\nVoodile sobib madrats m\u00f5\u00f5tudes 160*200 cm.<br \/>\nNB! Madrats ei kuulu komplekti.<br \/>\nToodetud: Poolas.<br \/>\nToode tarnitakse detailidena.<\/p>\n<p>&nbsp;<\/p>\n","protected":false},"excerpt":{"rendered":"<p>Laius:\u00a0167,3 cm.<br \/>\nS\u00fcgavus:\u00a0207 cm.<br \/>\nK\u00f5rgus koos peatsiga:\u00a0100\u00a0cm.<br \/>\nTarneaeg: 4-8 n\u00e4dalat.<\/p>\n","protected":false},"featured_media":9136,"template":"","meta":{"_acf_changed":false,"inline_featured_image":false},"series":[2734],"product_brand":[2946],"product_cat":[4016],"product_tag":[],"class_list":{"0":"post-21951","1":"product","2":"type-product","3":"status-publish","4":"has-post-thumbnail","6":"series-cali","7":"product_brand-jarstol","8":"product_cat-voodid-160-x-200","10":"first","11":"instock","12":"taxable","13":"shipping-taxable","14":"purchasable","15":"product-type-simple"},"acf":[],"_links":{"self":[{"href":"https:\/\/mobecor.ee\/en\/wp-json\/wp\/v2\/product\/21951","targetHints":{"allow":["GET"]}}],"collection":[{"href":"https:\/\/mobecor.ee\/en\/wp-json\/wp\/v2\/product"}],"about":[{"href":"https:\/\/mobecor.ee\/en\/wp-json\/wp\/v2\/types\/product"}],"wp:featuredmedia":[{"embeddable":true,"href":"https:\/\/mobecor.ee\/en\/wp-json\/wp\/v2\/media\/9136"}],"wp:attachment":[{"href":"https:\/\/mobecor.ee\/en\/wp-json\/wp\/v2\/media?parent=21951"}],"wp:term":[{"taxonomy":"series","embeddable":true,"href":"https:\/\/mobecor.ee\/en\/wp-json\/wp\/v2\/series?post=21951"},{"taxonomy":"product_brand","embeddable":true,"href":"https:\/\/mobecor.ee\/en\/wp-json\/wp\/v2\/product_brand?post=21951"},{"taxonomy":"product_cat","embeddable":true,"href":"https:\/\/mobecor.ee\/en\/wp-json\/wp\/v2\/product_cat?post=21951"},{"taxonomy":"product_tag","embeddable":true,"href":"https:\/\/mobecor.ee\/en\/wp-json\/wp\/v2\/product_tag?post=21951"}],"curies":[{"name":"wp","href":"https:\/\/api.w.org\/{rel}","templated":true}]}}