{"id":21967,"date":"2025-05-05T12:25:41","date_gmt":"2025-05-05T12:25:41","guid":{"rendered":"https:\/\/mobecor.ee\/?post_type=product&#038;p=21967"},"modified":"2025-09-29T09:10:10","modified_gmt":"2025-09-29T06:10:10","slug":"pikendatav-soogilaud-indus-sonoma-105-105-240","status":"publish","type":"product","link":"https:\/\/mobecor.ee\/en\/toode\/pikendatav-soogilaud-indus-sonoma-105-105-240\/","title":{"rendered":"Pikendatav s\u00f6\u00f6gilaud Indus, sonoma (105*105\/240)"},"content":{"rendered":"<p><span style=\"font-size: 10pt;\">Pikendatav laud kolme vaheplaadiga.<br \/>\n<\/span><span style=\"font-size: 10pt;\">Lauaplaat: lamineeritud m\u00f6\u00f6bliplaat puidup\u00f5hise dekooriga.<br \/>\n<\/span><span style=\"font-size: 10pt;\">Jalakonstruktsioon: fooliumiga MDF m\u00f6\u00f6bliplaat.<br \/>\n<\/span><span style=\"font-size: 10pt;\"><span style=\"line-height: 1.3em;\">V\u00e4rv: tamm sonoma.<br \/>\n<\/span><\/span><span style=\"font-size: 10pt;\">Toodetud: Poolas.<br \/>\n<\/span><span style=\"line-height: 1.3em; font-size: 10pt;\">NB! Toolid ei kuulu komplekti.<\/span><\/p>\n","protected":false},"excerpt":{"rendered":"<p><span style=\"line-height: 1.3em; font-size: 10pt;\">Laius:\u00a0105-240 cm.<br \/>\n<\/span><span style=\"line-height: 1.3em; font-size: 10pt;\">K\u00f5rgus: 76 cm.<br \/>\n<\/span><span style=\"line-height: 1.3em; font-size: 10pt;\">S\u00fcgavus:\u00a0105 cm.<br \/>\n<\/span><span style=\"line-height: 1.3em; font-size: 10pt;\">Tarneaeg: 4-8 n\u00e4dalat.<\/span><\/p>\n","protected":false},"featured_media":8974,"template":"","meta":{"_acf_changed":false,"inline_featured_image":false},"series":[],"product_brand":[2941],"product_cat":[219],"product_tag":[],"class_list":{"0":"post-21967","1":"product","2":"type-product","3":"status-publish","4":"has-post-thumbnail","6":"product_brand-szynaka","7":"product_cat-soogilauad","9":"first","10":"onbackorder","11":"sale","12":"taxable","13":"shipping-taxable","14":"purchasable","15":"product-type-simple"},"acf":[],"_links":{"self":[{"href":"https:\/\/mobecor.ee\/en\/wp-json\/wp\/v2\/product\/21967","targetHints":{"allow":["GET"]}}],"collection":[{"href":"https:\/\/mobecor.ee\/en\/wp-json\/wp\/v2\/product"}],"about":[{"href":"https:\/\/mobecor.ee\/en\/wp-json\/wp\/v2\/types\/product"}],"wp:featuredmedia":[{"embeddable":true,"href":"https:\/\/mobecor.ee\/en\/wp-json\/wp\/v2\/media\/8974"}],"wp:attachment":[{"href":"https:\/\/mobecor.ee\/en\/wp-json\/wp\/v2\/media?parent=21967"}],"wp:term":[{"taxonomy":"series","embeddable":true,"href":"https:\/\/mobecor.ee\/en\/wp-json\/wp\/v2\/series?post=21967"},{"taxonomy":"product_brand","embeddable":true,"href":"https:\/\/mobecor.ee\/en\/wp-json\/wp\/v2\/product_brand?post=21967"},{"taxonomy":"product_cat","embeddable":true,"href":"https:\/\/mobecor.ee\/en\/wp-json\/wp\/v2\/product_cat?post=21967"},{"taxonomy":"product_tag","embeddable":true,"href":"https:\/\/mobecor.ee\/en\/wp-json\/wp\/v2\/product_tag?post=21967"}],"curies":[{"name":"wp","href":"https:\/\/api.w.org\/{rel}","templated":true}]}}