{"id":21969,"date":"2025-05-05T12:25:51","date_gmt":"2025-05-05T12:25:51","guid":{"rendered":"https:\/\/mobecor.ee\/?post_type=product&#038;p=21969"},"modified":"2025-09-17T09:26:21","modified_gmt":"2025-09-17T06:26:21","slug":"diivanilaua-komplekt-nicea-2","status":"publish","type":"product","link":"https:\/\/mobecor.ee\/en\/toode\/diivanilaua-komplekt-nicea-2\/","title":{"rendered":"Diivanilaua komplekt Nicea 2"},"content":{"rendered":"<p><span style=\"font-size: 10pt;\">Komplekti kuulub 2 lauda.<br \/>\nLauaplaat on\u00a0spoonitud MDF-ist.<br \/>\nLauaplaadi v\u00e4rv: tamm kuldne.<br \/>\nJalad: pulberv\u00e4rvitud terasest &#8211; musta v\u00e4rvi.<br \/>\n<\/span><span style=\"font-size: 10pt;\">Toodetud: Poolas.<br \/>\nVajab kokku monteerimist.<\/span><br \/>\n<span style=\"line-height: 1.3em; font-size: 10pt;\"><br \/>\n<\/span><\/p>\n","protected":false},"excerpt":{"rendered":"<p><span style=\"line-height: 1.3em; font-size: 10pt;\">M\u00f5\u00f5dud (madalam laud): laius\u00a040 cm\/ s\u00fcgavus\u00a040 cm\/ k\u00f5rgus\u00a041 cm.<br \/>\nM\u00f5\u00f5dud (k\u00f5rgem laud): laius\u00a060 cm\/ s\u00fcgavus 60 cm\/ k\u00f5rgus\u00a049 cm.<br \/>\nTarneaeg: 4-8 n\u00e4dalat.<\/span><\/p>\n","protected":false},"featured_media":8978,"template":"","meta":{"_acf_changed":false,"inline_featured_image":false},"series":[],"product_brand":[2942],"product_cat":[37],"product_tag":[],"class_list":{"0":"post-21969","1":"product","2":"type-product","3":"status-publish","4":"has-post-thumbnail","6":"product_brand-halmar","7":"product_cat-diivanilauad","9":"first","10":"instock","11":"taxable","12":"shipping-taxable","13":"purchasable","14":"product-type-simple"},"acf":[],"_links":{"self":[{"href":"https:\/\/mobecor.ee\/en\/wp-json\/wp\/v2\/product\/21969","targetHints":{"allow":["GET"]}}],"collection":[{"href":"https:\/\/mobecor.ee\/en\/wp-json\/wp\/v2\/product"}],"about":[{"href":"https:\/\/mobecor.ee\/en\/wp-json\/wp\/v2\/types\/product"}],"wp:featuredmedia":[{"embeddable":true,"href":"https:\/\/mobecor.ee\/en\/wp-json\/wp\/v2\/media\/8978"}],"wp:attachment":[{"href":"https:\/\/mobecor.ee\/en\/wp-json\/wp\/v2\/media?parent=21969"}],"wp:term":[{"taxonomy":"series","embeddable":true,"href":"https:\/\/mobecor.ee\/en\/wp-json\/wp\/v2\/series?post=21969"},{"taxonomy":"product_brand","embeddable":true,"href":"https:\/\/mobecor.ee\/en\/wp-json\/wp\/v2\/product_brand?post=21969"},{"taxonomy":"product_cat","embeddable":true,"href":"https:\/\/mobecor.ee\/en\/wp-json\/wp\/v2\/product_cat?post=21969"},{"taxonomy":"product_tag","embeddable":true,"href":"https:\/\/mobecor.ee\/en\/wp-json\/wp\/v2\/product_tag?post=21969"}],"curies":[{"name":"wp","href":"https:\/\/api.w.org\/{rel}","templated":true}]}}