{"id":21971,"date":"2025-05-05T12:26:00","date_gmt":"2025-05-05T12:26:00","guid":{"rendered":"https:\/\/mobecor.ee\/?post_type=product&#038;p=21971"},"modified":"2025-09-17T09:23:34","modified_gmt":"2025-09-17T06:23:34","slug":"diivanilaua-komplekt-susanna","status":"publish","type":"product","link":"https:\/\/mobecor.ee\/en\/toode\/diivanilaua-komplekt-susanna\/","title":{"rendered":"Diivanilaua komplekt Susanna"},"content":{"rendered":"<p><span style=\"font-size: 10pt;\">Komplekti kuulub 2 lauda.<br \/>\nLauaplaat on\u00a0spoonitud MDF-ist.<br \/>\nLauaplaadi v\u00e4rv: valge marmor.<br \/>\nJalad: pulberv\u00e4rvitud terasest &#8211; musta v\u00e4rvi.<br \/>\n<\/span><span style=\"font-size: 10pt;\">Toodetud: Poolas.<br \/>\nVajab kokku monteerimist.<\/span><br \/>\n<span style=\"line-height: 1.3em; font-size: 10pt;\"><br \/>\n<\/span><\/p>\n","protected":false},"excerpt":{"rendered":"<p><span style=\"line-height: 1.3em; font-size: 10pt;\">M\u00f5\u00f5dud (madalam laud): \u00f8\u00a040 cm\/k\u00f5rgus\u00a035 cm.<br \/>\nM\u00f5\u00f5dud (k\u00f5rgem laud): \u00f8 50 cm\/k\u00f5rgus\u00a039 cm.<br \/>\nTarneaeg: 4-8 n\u00e4dalat.<\/span><\/p>\n","protected":false},"featured_media":8982,"template":"","meta":{"_acf_changed":false,"inline_featured_image":false},"series":[],"product_brand":[2942],"product_cat":[37],"product_tag":[],"class_list":{"0":"post-21971","1":"product","2":"type-product","3":"status-publish","4":"has-post-thumbnail","6":"product_brand-halmar","7":"product_cat-diivanilauad","9":"first","10":"instock","11":"taxable","12":"shipping-taxable","13":"purchasable","14":"product-type-simple"},"acf":[],"_links":{"self":[{"href":"https:\/\/mobecor.ee\/en\/wp-json\/wp\/v2\/product\/21971","targetHints":{"allow":["GET"]}}],"collection":[{"href":"https:\/\/mobecor.ee\/en\/wp-json\/wp\/v2\/product"}],"about":[{"href":"https:\/\/mobecor.ee\/en\/wp-json\/wp\/v2\/types\/product"}],"wp:featuredmedia":[{"embeddable":true,"href":"https:\/\/mobecor.ee\/en\/wp-json\/wp\/v2\/media\/8982"}],"wp:attachment":[{"href":"https:\/\/mobecor.ee\/en\/wp-json\/wp\/v2\/media?parent=21971"}],"wp:term":[{"taxonomy":"series","embeddable":true,"href":"https:\/\/mobecor.ee\/en\/wp-json\/wp\/v2\/series?post=21971"},{"taxonomy":"product_brand","embeddable":true,"href":"https:\/\/mobecor.ee\/en\/wp-json\/wp\/v2\/product_brand?post=21971"},{"taxonomy":"product_cat","embeddable":true,"href":"https:\/\/mobecor.ee\/en\/wp-json\/wp\/v2\/product_cat?post=21971"},{"taxonomy":"product_tag","embeddable":true,"href":"https:\/\/mobecor.ee\/en\/wp-json\/wp\/v2\/product_tag?post=21971"}],"curies":[{"name":"wp","href":"https:\/\/api.w.org\/{rel}","templated":true}]}}