{"id":21973,"date":"2025-05-05T12:26:07","date_gmt":"2025-05-05T12:26:07","guid":{"rendered":"https:\/\/mobecor.ee\/?post_type=product&#038;p=21973"},"modified":"2025-09-17T09:16:04","modified_gmt":"2025-09-17T06:16:04","slug":"diivanilaud-selena","status":"publish","type":"product","link":"https:\/\/mobecor.ee\/en\/toode\/diivanilaud-selena\/","title":{"rendered":"Diivanilaud Selena (65\/65\/55)"},"content":{"rendered":"<p><span style=\"font-size: 10pt;\">Diivanilaual on tugevast karastatud klaasist lauaplaat.<br \/>\nV\u00e4rv: suitsune klaas.<br \/>\nJalad: kroomitud terasest.<br \/>\n<\/span><span style=\"font-size: 10pt;\">Toodetud: Poolas.<br \/>\nLaud vajab kokku monteerimist.<br \/>\n<\/span><span style=\"line-height: 1.3em; font-size: 10pt;\"><br \/>\n<\/span><\/p>\n","protected":false},"excerpt":{"rendered":"<p><span style=\"font-size: 10pt;\">Lauaplaadi l\u00e4bim\u00f5\u00f5t<\/span><span style=\"line-height: 1.3em; font-size: 10pt;\">: 65 cm.<br \/>\nK\u00f5rgus: 55 cm.<br \/>\nTarneaeg: 4-8 n\u00e4dalat.<\/span><\/p>\n","protected":false},"featured_media":8986,"template":"","meta":{"_acf_changed":false,"inline_featured_image":false},"series":[],"product_brand":[2942],"product_cat":[37],"product_tag":[],"class_list":{"0":"post-21973","1":"product","2":"type-product","3":"status-publish","4":"has-post-thumbnail","6":"product_brand-halmar","7":"product_cat-diivanilauad","9":"first","10":"instock","11":"taxable","12":"shipping-taxable","13":"purchasable","14":"product-type-simple"},"acf":[],"_links":{"self":[{"href":"https:\/\/mobecor.ee\/en\/wp-json\/wp\/v2\/product\/21973","targetHints":{"allow":["GET"]}}],"collection":[{"href":"https:\/\/mobecor.ee\/en\/wp-json\/wp\/v2\/product"}],"about":[{"href":"https:\/\/mobecor.ee\/en\/wp-json\/wp\/v2\/types\/product"}],"wp:featuredmedia":[{"embeddable":true,"href":"https:\/\/mobecor.ee\/en\/wp-json\/wp\/v2\/media\/8986"}],"wp:attachment":[{"href":"https:\/\/mobecor.ee\/en\/wp-json\/wp\/v2\/media?parent=21973"}],"wp:term":[{"taxonomy":"series","embeddable":true,"href":"https:\/\/mobecor.ee\/en\/wp-json\/wp\/v2\/series?post=21973"},{"taxonomy":"product_brand","embeddable":true,"href":"https:\/\/mobecor.ee\/en\/wp-json\/wp\/v2\/product_brand?post=21973"},{"taxonomy":"product_cat","embeddable":true,"href":"https:\/\/mobecor.ee\/en\/wp-json\/wp\/v2\/product_cat?post=21973"},{"taxonomy":"product_tag","embeddable":true,"href":"https:\/\/mobecor.ee\/en\/wp-json\/wp\/v2\/product_tag?post=21973"}],"curies":[{"name":"wp","href":"https:\/\/api.w.org\/{rel}","templated":true}]}}