{"id":21976,"date":"2025-05-05T12:26:19","date_gmt":"2025-05-05T12:26:19","guid":{"rendered":"https:\/\/mobecor.ee\/?post_type=product&#038;p=21976"},"modified":"2025-09-17T09:03:50","modified_gmt":"2025-09-17T06:03:50","slug":"diivanilaud-mariffa","status":"publish","type":"product","link":"https:\/\/mobecor.ee\/en\/toode\/diivanilaud-mariffa\/","title":{"rendered":"Diivanilaud Mariffa (42\/42\/41)"},"content":{"rendered":"<p><span style=\"font-size: 10pt;\">Materjal: pulberv\u00e4rvitud teras + MDF.<\/span><br \/>\n<span style=\"font-size: 10pt;\">V\u00e4rvivalik: naturaalne\/must korv; valge\/must korv; hall\/must korv; naturaalne\/valge korv.<br \/>\n<\/span><span style=\"font-size: 10pt;\">Toodetud: Poolas.<\/span><br \/>\n<span style=\"line-height: 1.3em; font-size: 10pt;\"><br \/>\n<\/span><\/p>\n","protected":false},"excerpt":{"rendered":"<p><span style=\"font-size: 10pt;\"><span style=\"line-height: 1.3em;\">Plaadi l\u00e4bim\u00f5\u00f5t:\u00a042 cm.<br \/>\nK\u00f5rgus:\u00a041 cm.<br \/>\n<\/span><span style=\"line-height: 1.3em;\">Tarneaeg: 4-8 n\u00e4dalat.<\/span><\/span><\/p>\n","protected":false},"featured_media":8992,"template":"","meta":{"_acf_changed":false,"inline_featured_image":false},"series":[],"product_brand":[2942],"product_cat":[37],"product_tag":[],"class_list":{"0":"post-21976","1":"product","2":"type-product","3":"status-publish","4":"has-post-thumbnail","6":"product_brand-halmar","7":"product_cat-diivanilauad","9":"first","10":"instock","11":"taxable","12":"shipping-taxable","13":"purchasable","14":"product-type-variable"},"acf":[],"_links":{"self":[{"href":"https:\/\/mobecor.ee\/en\/wp-json\/wp\/v2\/product\/21976","targetHints":{"allow":["GET"]}}],"collection":[{"href":"https:\/\/mobecor.ee\/en\/wp-json\/wp\/v2\/product"}],"about":[{"href":"https:\/\/mobecor.ee\/en\/wp-json\/wp\/v2\/types\/product"}],"wp:featuredmedia":[{"embeddable":true,"href":"https:\/\/mobecor.ee\/en\/wp-json\/wp\/v2\/media\/8992"}],"wp:attachment":[{"href":"https:\/\/mobecor.ee\/en\/wp-json\/wp\/v2\/media?parent=21976"}],"wp:term":[{"taxonomy":"series","embeddable":true,"href":"https:\/\/mobecor.ee\/en\/wp-json\/wp\/v2\/series?post=21976"},{"taxonomy":"product_brand","embeddable":true,"href":"https:\/\/mobecor.ee\/en\/wp-json\/wp\/v2\/product_brand?post=21976"},{"taxonomy":"product_cat","embeddable":true,"href":"https:\/\/mobecor.ee\/en\/wp-json\/wp\/v2\/product_cat?post=21976"},{"taxonomy":"product_tag","embeddable":true,"href":"https:\/\/mobecor.ee\/en\/wp-json\/wp\/v2\/product_tag?post=21976"}],"curies":[{"name":"wp","href":"https:\/\/api.w.org\/{rel}","templated":true}]}}