{"id":21978,"date":"2025-05-05T12:26:27","date_gmt":"2025-05-05T12:26:27","guid":{"rendered":"https:\/\/mobecor.ee\/?post_type=product&#038;p=21978"},"modified":"2026-02-13T09:14:46","modified_gmt":"2026-02-13T07:14:46","slug":"riidekapp-cali-c-1","status":"publish","type":"product","link":"https:\/\/mobecor.ee\/en\/toode\/riidekapp-cali-c-1\/","title":{"rendered":"Riidekapp Cali C-1 (86,4\/58\/191)"},"content":{"rendered":"<p>Riidekapil on\u00a02 ust.<br \/>\n\u00dche ukse taga on riidepuutoru ja m\u00fctsiriiul, teise ukse taga on pesuriiulid.<br \/>\nUksed on vaikselt sulguvad.<br \/>\nMaterjal: lamineeritud m\u00f6\u00f6bliplaat.<br \/>\nServad:\u00a0ABS.<br \/>\nKapil on v\u00e4ikesed plastikust jalad.<br \/>\nLisavalikuna on v\u00f5imalik tellida riidekapile metallist jalad (10 cm).<br \/>\nV\u00e4rv: tamm artisan\/must.<br \/>\nKapp on tamm artisani v\u00e4rviga, \u00fcks uks on musta v\u00e4rvi m\u00f6\u00f6bliplaadist + lisaks MDF liistud v\u00e4rviga &#8211; tamm artisan.<br \/>\nToodetud: Poolas.<br \/>\nToode tarnitakse detailidena.<span style=\"font-size: 10pt;\"><span style=\"line-height: 1.3em;\"><br \/>\n<\/span><\/span><\/p>\n","protected":false},"excerpt":{"rendered":"<p>Laius: 86,4 cm.<br \/>\nS\u00fcgavus:\u00a058 cm.<br \/>\nK\u00f5rgus (ilma metallist jalgadeta): 191 cm.<br \/>\nTarneaeg: 4-8 n\u00e4dalat.<\/p>\n","protected":false},"featured_media":8996,"template":"","meta":{"_acf_changed":false,"inline_featured_image":false},"series":[2734],"product_brand":[2946],"product_cat":[94,327],"product_tag":[],"class_list":{"0":"post-21978","1":"product","2":"type-product","3":"status-publish","4":"has-post-thumbnail","6":"series-cali","7":"product_brand-jarstol","8":"product_cat-riidekapid","9":"product_cat-2-uksega-kapid","11":"first","12":"instock","13":"taxable","14":"shipping-taxable","15":"purchasable","16":"product-type-variable"},"acf":[],"_links":{"self":[{"href":"https:\/\/mobecor.ee\/en\/wp-json\/wp\/v2\/product\/21978","targetHints":{"allow":["GET"]}}],"collection":[{"href":"https:\/\/mobecor.ee\/en\/wp-json\/wp\/v2\/product"}],"about":[{"href":"https:\/\/mobecor.ee\/en\/wp-json\/wp\/v2\/types\/product"}],"wp:featuredmedia":[{"embeddable":true,"href":"https:\/\/mobecor.ee\/en\/wp-json\/wp\/v2\/media\/8996"}],"wp:attachment":[{"href":"https:\/\/mobecor.ee\/en\/wp-json\/wp\/v2\/media?parent=21978"}],"wp:term":[{"taxonomy":"series","embeddable":true,"href":"https:\/\/mobecor.ee\/en\/wp-json\/wp\/v2\/series?post=21978"},{"taxonomy":"product_brand","embeddable":true,"href":"https:\/\/mobecor.ee\/en\/wp-json\/wp\/v2\/product_brand?post=21978"},{"taxonomy":"product_cat","embeddable":true,"href":"https:\/\/mobecor.ee\/en\/wp-json\/wp\/v2\/product_cat?post=21978"},{"taxonomy":"product_tag","embeddable":true,"href":"https:\/\/mobecor.ee\/en\/wp-json\/wp\/v2\/product_tag?post=21978"}],"curies":[{"name":"wp","href":"https:\/\/api.w.org\/{rel}","templated":true}]}}