{"id":21979,"date":"2025-05-05T12:26:35","date_gmt":"2025-05-05T12:26:35","guid":{"rendered":"https:\/\/mobecor.ee\/?post_type=product&#038;p=21979"},"modified":"2026-02-13T09:20:38","modified_gmt":"2026-02-13T07:20:38","slug":"vitriinkapp-cali-c-2","status":"publish","type":"product","link":"https:\/\/mobecor.ee\/en\/toode\/vitriinkapp-cali-c-2\/","title":{"rendered":"Vitriinkapp Cali C-2 (86,4\/40,6\/191)"},"content":{"rendered":"<p>Vitriinkapil on 2 ust ja 2 sahtlit.<br \/>\nV\u00e4iksem uks on osaliselt klaasiga.<br \/>\nUksed on vaikselt sulguvad.<br \/>\nLisavalikuna v\u00f5imalik juurde osta led valgustus.<br \/>\nMaterjal: lamineeritud m\u00f6\u00f6bliplaat.<br \/>\nServad:\u00a0ABS.<br \/>\nVitriinkapil on v\u00e4ikesed plastikust jalad.<br \/>\nLisavalikuna on v\u00f5imalik tellida vitriinkapile metallist jalad (10 cm).<br \/>\nV\u00e4rv: tamm artisan\/must.<br \/>\nVitriinkapp on tamm artisani v\u00e4rviga, \u00fcks uks on musta v\u00e4rvi m\u00f6\u00f6bliplaadist + lisaks MDF liistud v\u00e4rviga &#8211; tamm artisan.<br \/>\nToodetud: Poolas.<br \/>\nToode tarnitakse detailidena.<span style=\"font-size: 10pt;\"><span style=\"line-height: 1.3em;\"><br \/>\n<\/span><\/span><\/p>\n","protected":false},"excerpt":{"rendered":"<p>Laius:\u00a086,4 cm.<br \/>\nS\u00fcgavus:\u00a040,6 cm.<br \/>\nK\u00f5rgus (ilma metallist jalgadeta): 191 cm.<br \/>\nTarneaeg: 4-8 n\u00e4dalat.<br \/>\n<strong>NB! Laos kohe olemas plastikust jalgadega.<\/strong><\/p>\n","protected":false},"featured_media":8998,"template":"","meta":{"_acf_changed":false,"inline_featured_image":false},"series":[2734],"product_brand":[2946],"product_cat":[33,2925],"product_tag":[],"class_list":{"0":"post-21979","1":"product","2":"type-product","3":"status-publish","4":"has-post-thumbnail","6":"series-cali","7":"product_brand-jarstol","8":"product_cat-vitriinid","9":"product_cat-vitriinkapid-ja-seinakapid-laos","11":"first","12":"instock","13":"taxable","14":"shipping-taxable","15":"purchasable","16":"product-type-variable"},"acf":[],"_links":{"self":[{"href":"https:\/\/mobecor.ee\/en\/wp-json\/wp\/v2\/product\/21979","targetHints":{"allow":["GET"]}}],"collection":[{"href":"https:\/\/mobecor.ee\/en\/wp-json\/wp\/v2\/product"}],"about":[{"href":"https:\/\/mobecor.ee\/en\/wp-json\/wp\/v2\/types\/product"}],"wp:featuredmedia":[{"embeddable":true,"href":"https:\/\/mobecor.ee\/en\/wp-json\/wp\/v2\/media\/8998"}],"wp:attachment":[{"href":"https:\/\/mobecor.ee\/en\/wp-json\/wp\/v2\/media?parent=21979"}],"wp:term":[{"taxonomy":"series","embeddable":true,"href":"https:\/\/mobecor.ee\/en\/wp-json\/wp\/v2\/series?post=21979"},{"taxonomy":"product_brand","embeddable":true,"href":"https:\/\/mobecor.ee\/en\/wp-json\/wp\/v2\/product_brand?post=21979"},{"taxonomy":"product_cat","embeddable":true,"href":"https:\/\/mobecor.ee\/en\/wp-json\/wp\/v2\/product_cat?post=21979"},{"taxonomy":"product_tag","embeddable":true,"href":"https:\/\/mobecor.ee\/en\/wp-json\/wp\/v2\/product_tag?post=21979"}],"curies":[{"name":"wp","href":"https:\/\/api.w.org\/{rel}","templated":true}]}}