{"id":21981,"date":"2025-05-05T12:26:38","date_gmt":"2025-05-05T12:26:38","guid":{"rendered":"https:\/\/mobecor.ee\/?post_type=product&#038;p=21981"},"modified":"2026-02-13T09:07:20","modified_gmt":"2026-02-13T07:07:20","slug":"kummut-cali-c-4","status":"publish","type":"product","link":"https:\/\/mobecor.ee\/en\/toode\/kummut-cali-c-4\/","title":{"rendered":"Kummut Cali C-4 (142,1\/40,6\/85,4)"},"content":{"rendered":"<p>Kummutil on 2 ust ja 4 sahtlit.<br \/>\nUksed on vaikselt sulguvad.<br \/>\nMaterjal: lamineeritud m\u00f6\u00f6bliplaat.<br \/>\nServad:\u00a0ABS.<br \/>\nKummutil on v\u00e4ikesed plastikust jalad.<br \/>\nLisavalikuna on v\u00f5imalik tellida kummutile metallist jalad (10 cm).<br \/>\nV\u00e4rv: tamm artisan\/must.<br \/>\nKummut on tamm artisani v\u00e4rviga, \u00fcks uks on musta v\u00e4rvi m\u00f6\u00f6bliplaadist + lisaks MDF liistud v\u00e4rviga &#8211; tamm artisan.<br \/>\nToodetud: Poolas.<br \/>\nToode tarnitakse detailidena.<span style=\"font-size: 10pt;\"><span style=\"line-height: 1.3em;\"><br \/>\n<\/span><\/span><\/p>\n","protected":false},"excerpt":{"rendered":"<p>Laius: 142,1 cm.<br \/>\nS\u00fcgavus: 40,6 cm.<br \/>\nK\u00f5rgus (ilma metallist jalgadeta): 85,4 cm.<br \/>\nTarneaeg: 4-8 n\u00e4dalat.<br \/>\n<strong>NB! Laos kohe olemas plastikust jalgadega.<\/strong><\/p>\n","protected":false},"featured_media":9002,"template":"","meta":{"_acf_changed":false,"inline_featured_image":false},"series":[2734],"product_brand":[2946],"product_cat":[36,2928],"product_tag":[],"class_list":{"0":"post-21981","1":"product","2":"type-product","3":"status-publish","4":"has-post-thumbnail","6":"series-cali","7":"product_brand-jarstol","8":"product_cat-kummutid","9":"product_cat-kummutid-ja-kapid-laos","11":"first","12":"instock","13":"taxable","14":"shipping-taxable","15":"purchasable","16":"product-type-variable"},"acf":[],"_links":{"self":[{"href":"https:\/\/mobecor.ee\/en\/wp-json\/wp\/v2\/product\/21981","targetHints":{"allow":["GET"]}}],"collection":[{"href":"https:\/\/mobecor.ee\/en\/wp-json\/wp\/v2\/product"}],"about":[{"href":"https:\/\/mobecor.ee\/en\/wp-json\/wp\/v2\/types\/product"}],"wp:featuredmedia":[{"embeddable":true,"href":"https:\/\/mobecor.ee\/en\/wp-json\/wp\/v2\/media\/9002"}],"wp:attachment":[{"href":"https:\/\/mobecor.ee\/en\/wp-json\/wp\/v2\/media?parent=21981"}],"wp:term":[{"taxonomy":"series","embeddable":true,"href":"https:\/\/mobecor.ee\/en\/wp-json\/wp\/v2\/series?post=21981"},{"taxonomy":"product_brand","embeddable":true,"href":"https:\/\/mobecor.ee\/en\/wp-json\/wp\/v2\/product_brand?post=21981"},{"taxonomy":"product_cat","embeddable":true,"href":"https:\/\/mobecor.ee\/en\/wp-json\/wp\/v2\/product_cat?post=21981"},{"taxonomy":"product_tag","embeddable":true,"href":"https:\/\/mobecor.ee\/en\/wp-json\/wp\/v2\/product_tag?post=21981"}],"curies":[{"name":"wp","href":"https:\/\/api.w.org\/{rel}","templated":true}]}}