{"id":21984,"date":"2025-05-05T12:26:42","date_gmt":"2025-05-05T12:26:42","guid":{"rendered":"https:\/\/mobecor.ee\/?post_type=product&#038;p=21984"},"modified":"2026-02-13T09:18:47","modified_gmt":"2026-02-13T07:18:47","slug":"tv-alus-cali-c-7","status":"publish","type":"product","link":"https:\/\/mobecor.ee\/en\/toode\/tv-alus-cali-c-7\/","title":{"rendered":"Tv-alus Cali C-7 (123,8\/40,6\/43,5)"},"content":{"rendered":"<p>Tv-alusel on\u00a01 sahtel ja 1 uks.<br \/>\nUks on vaikselt sulguv.<br \/>\nMaterjal: lamineeritud m\u00f6\u00f6bliplaat.<br \/>\nServad:\u00a0ABS.<br \/>\nTv-alusel on v\u00e4iksed plastikust jalad.<br \/>\nLisavalikuna on v\u00f5imalik tellida tv-alusele metallist jalad (10 cm).<br \/>\nV\u00e4rv: tamm artisan\/must.<br \/>\nTv-alus on tamm artisani v\u00e4rviga, uks on musta v\u00e4rvi m\u00f6\u00f6bliplaadist + lisaks MDF liistud v\u00e4rviga &#8211; tamm artisan.<br \/>\nToodetud: Poolas.<br \/>\nToode tarnitakse detailidena.<span style=\"font-size: 10pt;\"><span style=\"line-height: 1.3em;\"><br \/>\n<\/span><\/span><\/p>\n","protected":false},"excerpt":{"rendered":"<p>Laius: 123,8 cm.<br \/>\nS\u00fcgavus:\u00a040,6 cm.<br \/>\nK\u00f5rgus ilma jalgadeta: 43,5 cm.<br \/>\nTarneaeg: 4-8 n\u00e4dalat.<\/p>\n","protected":false},"featured_media":9008,"template":"","meta":{"_acf_changed":false,"inline_featured_image":false},"series":[2734],"product_brand":[2946],"product_cat":[34],"product_tag":[],"class_list":{"0":"post-21984","1":"product","2":"type-product","3":"status-publish","4":"has-post-thumbnail","6":"series-cali","7":"product_brand-jarstol","8":"product_cat-tv-alused","10":"first","11":"instock","12":"taxable","13":"shipping-taxable","14":"purchasable","15":"product-type-variable"},"acf":[],"_links":{"self":[{"href":"https:\/\/mobecor.ee\/en\/wp-json\/wp\/v2\/product\/21984","targetHints":{"allow":["GET"]}}],"collection":[{"href":"https:\/\/mobecor.ee\/en\/wp-json\/wp\/v2\/product"}],"about":[{"href":"https:\/\/mobecor.ee\/en\/wp-json\/wp\/v2\/types\/product"}],"wp:featuredmedia":[{"embeddable":true,"href":"https:\/\/mobecor.ee\/en\/wp-json\/wp\/v2\/media\/9008"}],"wp:attachment":[{"href":"https:\/\/mobecor.ee\/en\/wp-json\/wp\/v2\/media?parent=21984"}],"wp:term":[{"taxonomy":"series","embeddable":true,"href":"https:\/\/mobecor.ee\/en\/wp-json\/wp\/v2\/series?post=21984"},{"taxonomy":"product_brand","embeddable":true,"href":"https:\/\/mobecor.ee\/en\/wp-json\/wp\/v2\/product_brand?post=21984"},{"taxonomy":"product_cat","embeddable":true,"href":"https:\/\/mobecor.ee\/en\/wp-json\/wp\/v2\/product_cat?post=21984"},{"taxonomy":"product_tag","embeddable":true,"href":"https:\/\/mobecor.ee\/en\/wp-json\/wp\/v2\/product_tag?post=21984"}],"curies":[{"name":"wp","href":"https:\/\/api.w.org\/{rel}","templated":true}]}}