{"id":21987,"date":"2025-05-05T12:26:47","date_gmt":"2025-05-05T12:26:47","guid":{"rendered":"https:\/\/mobecor.ee\/?post_type=product&#038;p=21987"},"modified":"2026-04-07T14:36:38","modified_gmt":"2026-04-07T11:36:38","slug":"nurgadiivanvoodi-emporio-l-1","status":"publish","type":"product","link":"https:\/\/mobecor.ee\/en\/toode\/nurgadiivanvoodi-emporio-l-1\/","title":{"rendered":"Nurgadiivanvoodi Emporio L (262\/223)"},"content":{"rendered":"<p>Nurgadiivanvoodil on reguleeritavad peatoed.<br \/>\nVedrustus: sik-sak.<br \/>\nJalad: metallist.<br \/>\nMagamisosa avaneb lihtsalt\u00a0ja sobib igap\u00e4evaseks kasutuseks.<br \/>\nToodetud: Poolas.<br \/>\nNB! Hind kehtib I grupi kangastega (piltidel I grupi kangad).<br \/>\nSuuremat kangavalikut on v\u00f5imalik n\u00e4ha Mobecori m\u00f6\u00f6blipoes V\u00f5rus.<span style=\"font-size: 14px;\"><br \/>\n<\/span><\/p>\n","protected":false},"excerpt":{"rendered":"<p>Laius:\u00a0262 cm.<br \/>\nS\u00fcgavus: 97\/223\u00a0cm.<br \/>\nK\u00f5rgus:\u00a075\/90 cm.<br \/>\nIstumisk\u00f5rgus:\u00a045 cm.<br \/>\nMagamisosa :\u00a0122 x 190 cm.<br \/>\nPesukast: 155 x 87 x 16 cm.<br \/>\nJala k\u00f5rgus: 10 cm.<br \/>\nTarneaeg: 10-16 n\u00e4dalat.<\/p>\n","protected":false},"featured_media":9014,"template":"","meta":{"_acf_changed":false,"inline_featured_image":false},"series":[],"product_brand":[2955],"product_cat":[213],"product_tag":[],"class_list":{"0":"post-21987","1":"product","2":"type-product","3":"status-publish","4":"has-post-thumbnail","6":"product_brand-wersal","7":"product_cat-nurgadiivanid","9":"first","10":"instock","11":"taxable","12":"shipping-taxable","13":"purchasable","14":"product-type-simple"},"acf":[],"_links":{"self":[{"href":"https:\/\/mobecor.ee\/en\/wp-json\/wp\/v2\/product\/21987","targetHints":{"allow":["GET"]}}],"collection":[{"href":"https:\/\/mobecor.ee\/en\/wp-json\/wp\/v2\/product"}],"about":[{"href":"https:\/\/mobecor.ee\/en\/wp-json\/wp\/v2\/types\/product"}],"wp:featuredmedia":[{"embeddable":true,"href":"https:\/\/mobecor.ee\/en\/wp-json\/wp\/v2\/media\/9014"}],"wp:attachment":[{"href":"https:\/\/mobecor.ee\/en\/wp-json\/wp\/v2\/media?parent=21987"}],"wp:term":[{"taxonomy":"series","embeddable":true,"href":"https:\/\/mobecor.ee\/en\/wp-json\/wp\/v2\/series?post=21987"},{"taxonomy":"product_brand","embeddable":true,"href":"https:\/\/mobecor.ee\/en\/wp-json\/wp\/v2\/product_brand?post=21987"},{"taxonomy":"product_cat","embeddable":true,"href":"https:\/\/mobecor.ee\/en\/wp-json\/wp\/v2\/product_cat?post=21987"},{"taxonomy":"product_tag","embeddable":true,"href":"https:\/\/mobecor.ee\/en\/wp-json\/wp\/v2\/product_tag?post=21987"}],"curies":[{"name":"wp","href":"https:\/\/api.w.org\/{rel}","templated":true}]}}