{"id":22111,"date":"2025-05-05T12:31:50","date_gmt":"2025-05-05T12:31:50","guid":{"rendered":"https:\/\/mobecor.ee\/?post_type=product&#038;p=22111"},"modified":"2026-02-11T11:10:03","modified_gmt":"2026-02-11T09:10:03","slug":"tool-k332","status":"publish","type":"product","link":"https:\/\/mobecor.ee\/en\/toode\/tool-k332\/","title":{"rendered":"Tool K332"},"content":{"rendered":"<p>Tooli iste ja seljatugi on kaetud sametkangaga.<br \/>\nKanga v\u00e4rvivalik: roosa, sinep; bordoo; granaat (sinine); tumeroheline; tumehall; must; bee\u017e; t\u00fcrkiis.<br \/>\nJalad: mustad, pulberv\u00e4rvitud terasest.<br \/>\nToodetud: Poolas.<br \/>\n<span style=\"line-height: 1.3em; font-size: 10pt;\"><br \/>\n<\/span><\/p>\n","protected":false},"excerpt":{"rendered":"<p>Laius: 46 cm.<br \/>\nS\u00fcgavus: 61 cm.<br \/>\nK\u00f5rgus: 84 cm.<br \/>\nIstumisk\u00f5rgus:\u00a048 cm.<br \/>\nToode\u00a0vajab kokku monteerimist.<br \/>\nTarneaeg: 4-8 n\u00e4dalat.<br \/>\nNB! Laos kohe olemas v\u00e4rv: bee\u017e.<\/p>\n","protected":false},"featured_media":8656,"template":"","meta":{"_acf_changed":false,"inline_featured_image":false},"series":[],"product_brand":[2942],"product_cat":[2931,51],"product_tag":[],"class_list":{"0":"post-22111","1":"product","2":"type-product","3":"status-publish","4":"has-post-thumbnail","6":"product_brand-halmar","7":"product_cat-koogimoobel-laos","8":"product_cat-toolid","10":"first","11":"instock","12":"taxable","13":"shipping-taxable","14":"purchasable","15":"product-type-variable"},"acf":[],"_links":{"self":[{"href":"https:\/\/mobecor.ee\/en\/wp-json\/wp\/v2\/product\/22111","targetHints":{"allow":["GET"]}}],"collection":[{"href":"https:\/\/mobecor.ee\/en\/wp-json\/wp\/v2\/product"}],"about":[{"href":"https:\/\/mobecor.ee\/en\/wp-json\/wp\/v2\/types\/product"}],"wp:featuredmedia":[{"embeddable":true,"href":"https:\/\/mobecor.ee\/en\/wp-json\/wp\/v2\/media\/8656"}],"wp:attachment":[{"href":"https:\/\/mobecor.ee\/en\/wp-json\/wp\/v2\/media?parent=22111"}],"wp:term":[{"taxonomy":"series","embeddable":true,"href":"https:\/\/mobecor.ee\/en\/wp-json\/wp\/v2\/series?post=22111"},{"taxonomy":"product_brand","embeddable":true,"href":"https:\/\/mobecor.ee\/en\/wp-json\/wp\/v2\/product_brand?post=22111"},{"taxonomy":"product_cat","embeddable":true,"href":"https:\/\/mobecor.ee\/en\/wp-json\/wp\/v2\/product_cat?post=22111"},{"taxonomy":"product_tag","embeddable":true,"href":"https:\/\/mobecor.ee\/en\/wp-json\/wp\/v2\/product_tag?post=22111"}],"curies":[{"name":"wp","href":"https:\/\/api.w.org\/{rel}","templated":true}]}}