{"id":22115,"date":"2025-05-05T12:32:07","date_gmt":"2025-05-05T12:32:07","guid":{"rendered":"https:\/\/mobecor.ee\/?post_type=product&#038;p=22115"},"modified":"2025-09-17T11:59:53","modified_gmt":"2025-09-17T08:59:53","slug":"diivanilaud-oreo-o-43-ja-o-53","status":"publish","type":"product","link":"https:\/\/mobecor.ee\/en\/toode\/diivanilaud-oreo-o-43-ja-o-53\/","title":{"rendered":"Diivanilaua komplekt Oreo (\u00f8 43 ja \u00f8 53)"},"content":{"rendered":"<p><span style=\"font-size: 14px;\">Lauaplaat on spoonitud MDF-ist.<br \/>\nLauaplaadi v\u00e4rvivalik: valge marmor; must marmor; tamm kuldne; tamm san remo; p\u00e4hkel.<br \/>\nJalad: pulberv\u00e4rvitud terasest &#8211; musta v\u00e4rvi.<br \/>\nToodetud: Poolas.<\/span><br \/>\n<span style=\"line-height: 1.3em; font-size: 10pt;\"><br \/>\n<\/span><\/p>\n","protected":false},"excerpt":{"rendered":"<p><span style=\"line-height: 1.3em; font-size: 10pt;\"><span style=\"font-size: 14px;\">Lauaplaadi l\u00e4bim\u00f5\u00f5t: 43 cm (v\u00e4iksem) ja 53 cm (suurem).<\/span><br \/>\n<span style=\"font-size: 14px;\">Laua k\u00f5rgus:\u00a035 cm (v\u00e4iksem) ja 45 cm (suurem).<\/span><br \/>\n<span style=\"font-size: 14px;\">Tarneaeg: 4-8 n\u00e4dalat.<br \/>\n<\/span><\/span><span style=\"font-size: 14px;\"><span style=\"text-decoration: underline;\">NB! Laos kohe olemas v\u00e4rvid: valge marmor; must marmor<\/span>.<\/span><\/p>\n","protected":false},"featured_media":8664,"template":"","meta":{"_acf_changed":false,"inline_featured_image":false},"series":[],"product_brand":[2942],"product_cat":[37],"product_tag":[],"class_list":{"0":"post-22115","1":"product","2":"type-product","3":"status-publish","4":"has-post-thumbnail","6":"product_brand-halmar","7":"product_cat-diivanilauad","9":"first","10":"instock","11":"taxable","12":"shipping-taxable","13":"purchasable","14":"product-type-variable"},"acf":[],"_links":{"self":[{"href":"https:\/\/mobecor.ee\/en\/wp-json\/wp\/v2\/product\/22115","targetHints":{"allow":["GET"]}}],"collection":[{"href":"https:\/\/mobecor.ee\/en\/wp-json\/wp\/v2\/product"}],"about":[{"href":"https:\/\/mobecor.ee\/en\/wp-json\/wp\/v2\/types\/product"}],"wp:featuredmedia":[{"embeddable":true,"href":"https:\/\/mobecor.ee\/en\/wp-json\/wp\/v2\/media\/8664"}],"wp:attachment":[{"href":"https:\/\/mobecor.ee\/en\/wp-json\/wp\/v2\/media?parent=22115"}],"wp:term":[{"taxonomy":"series","embeddable":true,"href":"https:\/\/mobecor.ee\/en\/wp-json\/wp\/v2\/series?post=22115"},{"taxonomy":"product_brand","embeddable":true,"href":"https:\/\/mobecor.ee\/en\/wp-json\/wp\/v2\/product_brand?post=22115"},{"taxonomy":"product_cat","embeddable":true,"href":"https:\/\/mobecor.ee\/en\/wp-json\/wp\/v2\/product_cat?post=22115"},{"taxonomy":"product_tag","embeddable":true,"href":"https:\/\/mobecor.ee\/en\/wp-json\/wp\/v2\/product_tag?post=22115"}],"curies":[{"name":"wp","href":"https:\/\/api.w.org\/{rel}","templated":true}]}}