{"id":22131,"date":"2025-05-05T12:32:53","date_gmt":"2025-05-05T12:32:53","guid":{"rendered":"https:\/\/mobecor.ee\/?post_type=product&#038;p=22131"},"modified":"2026-02-07T12:07:55","modified_gmt":"2026-02-07T10:07:55","slug":"diivanilaud-antica-o-80-cm","status":"publish","type":"product","link":"https:\/\/mobecor.ee\/en\/toode\/diivanilaud-antica-o-80-cm\/","title":{"rendered":"Diivanilaud Antica (80\/80\/36)"},"content":{"rendered":"<p>Lauaplaat: spoonitud MDF.<br \/>\nV\u00e4rvivalik: must marmor; valge marmor.<br \/>\nLauajalad: pulberv\u00e4rvitud teras.<br \/>\nV\u00e4rv: must.<br \/>\nToodetud: Poolas.<br \/>\nToode\u00a0vajab kokku monteerimist.<br \/>\n<span style=\"line-height: 1.3em; font-size: 10pt;\"><br \/>\n<\/span><\/p>\n","protected":false},"excerpt":{"rendered":"<p>Lauaplaadi l\u00e4bim\u00f5\u00f5t:\u00a080 cm.<br \/>\nK\u00f5rgus:\u00a036 cm.<br \/>\nTarneaeg: 4-8 n\u00e4dalat.<\/p>\n","protected":false},"featured_media":8696,"template":"","meta":{"_acf_changed":false,"inline_featured_image":false},"series":[],"product_brand":[2942],"product_cat":[37],"product_tag":[],"class_list":{"0":"post-22131","1":"product","2":"type-product","3":"status-publish","4":"has-post-thumbnail","6":"product_brand-halmar","7":"product_cat-diivanilauad","9":"first","10":"instock","11":"taxable","12":"shipping-taxable","13":"purchasable","14":"product-type-variable"},"acf":[],"_links":{"self":[{"href":"https:\/\/mobecor.ee\/en\/wp-json\/wp\/v2\/product\/22131","targetHints":{"allow":["GET"]}}],"collection":[{"href":"https:\/\/mobecor.ee\/en\/wp-json\/wp\/v2\/product"}],"about":[{"href":"https:\/\/mobecor.ee\/en\/wp-json\/wp\/v2\/types\/product"}],"wp:featuredmedia":[{"embeddable":true,"href":"https:\/\/mobecor.ee\/en\/wp-json\/wp\/v2\/media\/8696"}],"wp:attachment":[{"href":"https:\/\/mobecor.ee\/en\/wp-json\/wp\/v2\/media?parent=22131"}],"wp:term":[{"taxonomy":"series","embeddable":true,"href":"https:\/\/mobecor.ee\/en\/wp-json\/wp\/v2\/series?post=22131"},{"taxonomy":"product_brand","embeddable":true,"href":"https:\/\/mobecor.ee\/en\/wp-json\/wp\/v2\/product_brand?post=22131"},{"taxonomy":"product_cat","embeddable":true,"href":"https:\/\/mobecor.ee\/en\/wp-json\/wp\/v2\/product_cat?post=22131"},{"taxonomy":"product_tag","embeddable":true,"href":"https:\/\/mobecor.ee\/en\/wp-json\/wp\/v2\/product_tag?post=22131"}],"curies":[{"name":"wp","href":"https:\/\/api.w.org\/{rel}","templated":true}]}}