{"id":22150,"date":"2025-05-05T12:33:44","date_gmt":"2025-05-05T12:33:44","guid":{"rendered":"https:\/\/mobecor.ee\/?post_type=product&#038;p=22150"},"modified":"2026-02-11T09:07:17","modified_gmt":"2026-02-11T07:07:17","slug":"seinariiul-newada-nw-16-120","status":"publish","type":"product","link":"https:\/\/mobecor.ee\/en\/toode\/seinariiul-newada-nw-16-120\/","title":{"rendered":"Seinariiul Newada NW-16 (120\/19\/20)\/v\u00e4rvivalik"},"content":{"rendered":"<p>Materjal: lamineeritud m\u00f6\u00f6bliplaat.<br \/>\nV\u00e4rv: tamm artisan\/antratsiit.<br \/>\nToodetud: Poolas.<br \/>\nToode tarnitakse detailidena.<span style=\"font-size: 10pt;\"><span style=\"line-height: 1.3em;\"><br \/>\n<\/span><\/span><\/p>\n","protected":false},"excerpt":{"rendered":"<p>Laius:\u00a0120 cm.<br \/>\nS\u00fcgavus:\u00a019 cm.<br \/>\nK\u00f5rgus:\u00a020 cm.<br \/>\nTarneaeg: 4-8 n\u00e4dalat.<\/p>\n","protected":false},"featured_media":8732,"template":"","meta":{"_acf_changed":false,"inline_featured_image":false},"series":[2801],"product_brand":[2943],"product_cat":[93],"product_tag":[],"class_list":{"0":"post-22150","1":"product","2":"type-product","3":"status-publish","4":"has-post-thumbnail","6":"series-newada","7":"product_brand-mlotmeble","8":"product_cat-seinariiulid","10":"first","11":"instock","12":"taxable","13":"shipping-taxable","14":"purchasable","15":"product-type-simple"},"acf":[],"_links":{"self":[{"href":"https:\/\/mobecor.ee\/en\/wp-json\/wp\/v2\/product\/22150","targetHints":{"allow":["GET"]}}],"collection":[{"href":"https:\/\/mobecor.ee\/en\/wp-json\/wp\/v2\/product"}],"about":[{"href":"https:\/\/mobecor.ee\/en\/wp-json\/wp\/v2\/types\/product"}],"wp:featuredmedia":[{"embeddable":true,"href":"https:\/\/mobecor.ee\/en\/wp-json\/wp\/v2\/media\/8732"}],"wp:attachment":[{"href":"https:\/\/mobecor.ee\/en\/wp-json\/wp\/v2\/media?parent=22150"}],"wp:term":[{"taxonomy":"series","embeddable":true,"href":"https:\/\/mobecor.ee\/en\/wp-json\/wp\/v2\/series?post=22150"},{"taxonomy":"product_brand","embeddable":true,"href":"https:\/\/mobecor.ee\/en\/wp-json\/wp\/v2\/product_brand?post=22150"},{"taxonomy":"product_cat","embeddable":true,"href":"https:\/\/mobecor.ee\/en\/wp-json\/wp\/v2\/product_cat?post=22150"},{"taxonomy":"product_tag","embeddable":true,"href":"https:\/\/mobecor.ee\/en\/wp-json\/wp\/v2\/product_tag?post=22150"}],"curies":[{"name":"wp","href":"https:\/\/api.w.org\/{rel}","templated":true}]}}