{"id":22151,"date":"2025-05-05T12:33:46","date_gmt":"2025-05-05T12:33:46","guid":{"rendered":"https:\/\/mobecor.ee\/?post_type=product&#038;p=22151"},"modified":"2026-02-11T09:07:04","modified_gmt":"2026-02-11T07:07:04","slug":"riidenagi-newada-nw-17-80","status":"publish","type":"product","link":"https:\/\/mobecor.ee\/en\/toode\/riidenagi-newada-nw-17-80\/","title":{"rendered":"Riidenagi Newada NW-17 (80\/21\/135)\/v\u00e4rvivalik"},"content":{"rendered":"<p>Materjal: lamineeritud m\u00f6\u00f6bliplaat.<br \/>\nV\u00e4rvivalik: tamm artisan.<br \/>\nToodetud: Poolas.<span style=\"font-size: 10pt;\"><span style=\"line-height: 1.3em;\"><br \/>\n<\/span><\/span><\/p>\n","protected":false},"excerpt":{"rendered":"<p>Laius: 80 cm.<br \/>\nS\u00fcgavus:\u00a021 cm.<br \/>\nK\u00f5rgus:\u00a0135 cm.<br \/>\nTarneaeg: 4-8 n\u00e4dalat.<\/p>\n","protected":false},"featured_media":72587,"template":"","meta":{"_acf_changed":false,"inline_featured_image":false},"series":[2801],"product_brand":[2943],"product_cat":[194],"product_tag":[],"class_list":{"0":"post-22151","1":"product","2":"type-product","3":"status-publish","4":"has-post-thumbnail","6":"series-newada","7":"product_brand-mlotmeble","8":"product_cat-nagid","10":"first","11":"instock","12":"taxable","13":"shipping-taxable","14":"purchasable","15":"product-type-simple"},"acf":[],"_links":{"self":[{"href":"https:\/\/mobecor.ee\/en\/wp-json\/wp\/v2\/product\/22151","targetHints":{"allow":["GET"]}}],"collection":[{"href":"https:\/\/mobecor.ee\/en\/wp-json\/wp\/v2\/product"}],"about":[{"href":"https:\/\/mobecor.ee\/en\/wp-json\/wp\/v2\/types\/product"}],"wp:featuredmedia":[{"embeddable":true,"href":"https:\/\/mobecor.ee\/en\/wp-json\/wp\/v2\/media\/72587"}],"wp:attachment":[{"href":"https:\/\/mobecor.ee\/en\/wp-json\/wp\/v2\/media?parent=22151"}],"wp:term":[{"taxonomy":"series","embeddable":true,"href":"https:\/\/mobecor.ee\/en\/wp-json\/wp\/v2\/series?post=22151"},{"taxonomy":"product_brand","embeddable":true,"href":"https:\/\/mobecor.ee\/en\/wp-json\/wp\/v2\/product_brand?post=22151"},{"taxonomy":"product_cat","embeddable":true,"href":"https:\/\/mobecor.ee\/en\/wp-json\/wp\/v2\/product_cat?post=22151"},{"taxonomy":"product_tag","embeddable":true,"href":"https:\/\/mobecor.ee\/en\/wp-json\/wp\/v2\/product_tag?post=22151"}],"curies":[{"name":"wp","href":"https:\/\/api.w.org\/{rel}","templated":true}]}}