{"id":22224,"date":"2025-05-05T12:39:15","date_gmt":"2025-05-05T12:39:15","guid":{"rendered":"https:\/\/mobecor.ee\/?post_type=product&#038;p=22224"},"modified":"2025-12-22T11:16:39","modified_gmt":"2025-12-22T09:16:39","slug":"rullipakitud-vedrumadrats-step-120-200","status":"publish","type":"product","link":"https:\/\/mobecor.ee\/en\/toode\/rullipakitud-vedrumadrats-step-120-200\/","title":{"rendered":"Rullipakitud vedrumadrats Step 120*200"},"content":{"rendered":"<p>Hildingu rullipakitud vedrumadrats.<br \/>\n7-tsooniline taskustatud vedrustusega madrats.<br \/>\nVedrutraadi l\u00e4bim\u00f5\u00f5t 1,8\/1,9mm.<br \/>\nPehmenduseks on madratsi m\u00f5lemad pooled vooderdatud kvaliteetse 2,5cm Flexifoam porolooniga.<br \/>\nMadratsi kate Fresh, mille \u00f5hku l\u00e4bilaskev struktuur h\u00f5lbustab madratsi ventilatsiooni.<br \/>\nMadratsi kate on eemaldatav ja pestav kuni 60 kraadisel temperatuuril.<br \/>\nKeskmine pehmustase.<br \/>\nMugavamaks transportimiseks on madrats pakitud rulli.<br \/>\nMadrats on kasutatav magamiseks kohe peale pakendist v\u00e4lja v\u00f5tmist. L\u00f5pliku kuju ja mugavuse saavutab 72 tunni m\u00f6\u00f6dudes.<\/p>\n","protected":false},"excerpt":{"rendered":"<p>Laius: 120 cm.<br \/>\nS\u00fcgavus: 200 cm.<br \/>\nK\u00f5rgus ca 19 cm.<br \/>\nTarneaeg: kuni 4 n\u00e4dalat.<\/p>\n","protected":false},"featured_media":8498,"template":"","meta":{"_acf_changed":false,"inline_featured_image":false},"series":[],"product_brand":[2859],"product_cat":[456],"product_tag":[],"class_list":{"0":"post-22224","1":"product","2":"type-product","3":"status-publish","4":"has-post-thumbnail","6":"product_brand-sleepwell","7":"product_cat-rullmadratsid","9":"first","10":"instock","11":"taxable","12":"shipping-taxable","13":"purchasable","14":"product-type-simple"},"acf":[],"_links":{"self":[{"href":"https:\/\/mobecor.ee\/en\/wp-json\/wp\/v2\/product\/22224","targetHints":{"allow":["GET"]}}],"collection":[{"href":"https:\/\/mobecor.ee\/en\/wp-json\/wp\/v2\/product"}],"about":[{"href":"https:\/\/mobecor.ee\/en\/wp-json\/wp\/v2\/types\/product"}],"wp:featuredmedia":[{"embeddable":true,"href":"https:\/\/mobecor.ee\/en\/wp-json\/wp\/v2\/media\/8498"}],"wp:attachment":[{"href":"https:\/\/mobecor.ee\/en\/wp-json\/wp\/v2\/media?parent=22224"}],"wp:term":[{"taxonomy":"series","embeddable":true,"href":"https:\/\/mobecor.ee\/en\/wp-json\/wp\/v2\/series?post=22224"},{"taxonomy":"product_brand","embeddable":true,"href":"https:\/\/mobecor.ee\/en\/wp-json\/wp\/v2\/product_brand?post=22224"},{"taxonomy":"product_cat","embeddable":true,"href":"https:\/\/mobecor.ee\/en\/wp-json\/wp\/v2\/product_cat?post=22224"},{"taxonomy":"product_tag","embeddable":true,"href":"https:\/\/mobecor.ee\/en\/wp-json\/wp\/v2\/product_tag?post=22224"}],"curies":[{"name":"wp","href":"https:\/\/api.w.org\/{rel}","templated":true}]}}