{"id":22230,"date":"2025-05-05T12:39:34","date_gmt":"2025-05-05T12:39:34","guid":{"rendered":"https:\/\/mobecor.ee\/?post_type=product&#038;p=22230"},"modified":"2025-09-17T12:36:31","modified_gmt":"2025-09-17T09:36:31","slug":"soogilaud-liverpool","status":"publish","type":"product","link":"https:\/\/mobecor.ee\/en\/toode\/soogilaud-liverpool\/","title":{"rendered":"S\u00f6\u00f6gilaud Liverpool (\u00f8120)"},"content":{"rendered":"<p><span style=\"font-size: 10pt;\">Lauaplaat on tugevast karastatud klaasist.<br \/>\nJalad: kulla v\u00e4rvi kroomitud terasest.<br \/>\n<\/span><span style=\"font-size: 10pt;\">Toodetud: Poolas.<\/span><\/p>\n","protected":false},"excerpt":{"rendered":"<p><span style=\"line-height: 1.3em; font-size: 10pt;\">Lauaplaadi l\u00e4bim\u00f5\u00f5t: 120 cm.<br \/>\nK\u00f5rgus: 75 cm.<br \/>\nLauajala l\u00e4bim\u00f5\u00f5t: 65\u00a0cm.<br \/>\nKlaasi paksus: 1 cm.<br \/>\nTarneaeg: 4-8 n\u00e4dalat.<br \/>\nNB! Pildil olevad toolid ei kuulu hinna sisse.<br \/>\nToolid leiab: K362 ja K363.<\/span><\/p>\n","protected":false},"featured_media":8504,"template":"","meta":{"_acf_changed":false,"inline_featured_image":false},"series":[],"product_brand":[2942],"product_cat":[219],"product_tag":[],"class_list":{"0":"post-22230","1":"product","2":"type-product","3":"status-publish","4":"has-post-thumbnail","6":"product_brand-halmar","7":"product_cat-soogilauad","9":"first","10":"instock","11":"taxable","12":"shipping-taxable","13":"purchasable","14":"product-type-simple"},"acf":[],"_links":{"self":[{"href":"https:\/\/mobecor.ee\/en\/wp-json\/wp\/v2\/product\/22230","targetHints":{"allow":["GET"]}}],"collection":[{"href":"https:\/\/mobecor.ee\/en\/wp-json\/wp\/v2\/product"}],"about":[{"href":"https:\/\/mobecor.ee\/en\/wp-json\/wp\/v2\/types\/product"}],"wp:featuredmedia":[{"embeddable":true,"href":"https:\/\/mobecor.ee\/en\/wp-json\/wp\/v2\/media\/8504"}],"wp:attachment":[{"href":"https:\/\/mobecor.ee\/en\/wp-json\/wp\/v2\/media?parent=22230"}],"wp:term":[{"taxonomy":"series","embeddable":true,"href":"https:\/\/mobecor.ee\/en\/wp-json\/wp\/v2\/series?post=22230"},{"taxonomy":"product_brand","embeddable":true,"href":"https:\/\/mobecor.ee\/en\/wp-json\/wp\/v2\/product_brand?post=22230"},{"taxonomy":"product_cat","embeddable":true,"href":"https:\/\/mobecor.ee\/en\/wp-json\/wp\/v2\/product_cat?post=22230"},{"taxonomy":"product_tag","embeddable":true,"href":"https:\/\/mobecor.ee\/en\/wp-json\/wp\/v2\/product_tag?post=22230"}],"curies":[{"name":"wp","href":"https:\/\/api.w.org\/{rel}","templated":true}]}}