{"id":22231,"date":"2025-05-05T12:39:37","date_gmt":"2025-05-05T12:39:37","guid":{"rendered":"https:\/\/mobecor.ee\/?post_type=product&#038;p=22231"},"modified":"2025-09-17T12:24:22","modified_gmt":"2025-09-17T09:24:22","slug":"soogilaud-ambrosio-o90","status":"publish","type":"product","link":"https:\/\/mobecor.ee\/en\/toode\/soogilaud-ambrosio-o90\/","title":{"rendered":"S\u00f6\u00f6gilaud Ambrosio (\u00f890)"},"content":{"rendered":"<p><span style=\"font-size: 10pt;\">Lauaplaat on tugevast karastatud klaasist.<br \/>\nV\u00e4rv: valge marmor.<br \/>\nJalg: pulberv\u00e4rvitud terasest.<br \/>\nV\u00e4rv: must.<br \/>\n<\/span><span style=\"font-size: 10pt;\">Toodetud: Poolas.<\/span><\/p>\n","protected":false},"excerpt":{"rendered":"<p><span style=\"line-height: 1.3em; font-size: 10pt;\">Lauaplaadi l\u00e4bim\u00f5\u00f5t:\u00a090 cm.<br \/>\nLaua k\u00f5rgus: 72 cm.<br \/>\nLauajala l\u00e4bim\u00f5\u00f5t: 50 cm.<br \/>\nKlaasi paksus: 1 cm.<br \/>\nTarneaeg: 4-8 n\u00e4dalat.<br \/>\nNB! Pildil olevad toolid ei kuulu hinna sisse.<br \/>\nToolid leiab: K410, roosa.<\/span><\/p>\n","protected":false},"featured_media":8506,"template":"","meta":{"_acf_changed":false,"inline_featured_image":false},"series":[],"product_brand":[2942],"product_cat":[219],"product_tag":[],"class_list":{"0":"post-22231","1":"product","2":"type-product","3":"status-publish","4":"has-post-thumbnail","6":"product_brand-halmar","7":"product_cat-soogilauad","9":"first","10":"instock","11":"taxable","12":"shipping-taxable","13":"purchasable","14":"product-type-simple"},"acf":[],"_links":{"self":[{"href":"https:\/\/mobecor.ee\/en\/wp-json\/wp\/v2\/product\/22231","targetHints":{"allow":["GET"]}}],"collection":[{"href":"https:\/\/mobecor.ee\/en\/wp-json\/wp\/v2\/product"}],"about":[{"href":"https:\/\/mobecor.ee\/en\/wp-json\/wp\/v2\/types\/product"}],"wp:featuredmedia":[{"embeddable":true,"href":"https:\/\/mobecor.ee\/en\/wp-json\/wp\/v2\/media\/8506"}],"wp:attachment":[{"href":"https:\/\/mobecor.ee\/en\/wp-json\/wp\/v2\/media?parent=22231"}],"wp:term":[{"taxonomy":"series","embeddable":true,"href":"https:\/\/mobecor.ee\/en\/wp-json\/wp\/v2\/series?post=22231"},{"taxonomy":"product_brand","embeddable":true,"href":"https:\/\/mobecor.ee\/en\/wp-json\/wp\/v2\/product_brand?post=22231"},{"taxonomy":"product_cat","embeddable":true,"href":"https:\/\/mobecor.ee\/en\/wp-json\/wp\/v2\/product_cat?post=22231"},{"taxonomy":"product_tag","embeddable":true,"href":"https:\/\/mobecor.ee\/en\/wp-json\/wp\/v2\/product_tag?post=22231"}],"curies":[{"name":"wp","href":"https:\/\/api.w.org\/{rel}","templated":true}]}}