{"id":22242,"date":"2025-05-05T12:40:18","date_gmt":"2025-05-05T12:40:18","guid":{"rendered":"https:\/\/mobecor.ee\/?post_type=product&#038;p=22242"},"modified":"2026-03-24T07:43:05","modified_gmt":"2026-03-24T05:43:05","slug":"pikendatav-ja-korgendatav-laud-janek","status":"publish","type":"product","link":"https:\/\/mobecor.ee\/en\/toode\/pikendatav-ja-korgendatav-laud-janek\/","title":{"rendered":"Pikendatav ja k\u00f5rgendatav laud Janek"},"content":{"rendered":"<p>Lauda on v\u00f5imalik kasutada nii diivanilauana kui ka s\u00f6\u00f6gilauana.<br \/>\nMaterjal: kvaliteetne ja\u00a0vastupidav melamiinkattega laminaat.<br \/>\nV\u00e4rvivalik: tamm artisan; alpivalge; tamm lefkas; tamm sonoma; ka\u0161miir; tamm tr\u00fchvel; tamm hikora; tamm ribbeck; saar tume; saar hele; tamm valge; tamm kuldne; p\u00e4hkel warmia.<br \/>\nToodetud: Poolas.<br \/>\nToode tarnitakse detailidena.<\/p>\n<p>&nbsp;<\/p>\n","protected":false},"excerpt":{"rendered":"<p>Laius:\u00a0116-156 cm.<br \/>\nS\u00fcgavus:\u00a062 cm.<br \/>\nK\u00f5rgus:\u00a059-70 cm.<br \/>\nTarneaeg: 4-8 n\u00e4dalat.<\/p>\n","protected":false},"featured_media":8528,"template":"","meta":{"_acf_changed":false,"inline_featured_image":false},"series":[],"product_brand":[2946],"product_cat":[37,219],"product_tag":[],"class_list":{"0":"post-22242","1":"product","2":"type-product","3":"status-publish","4":"has-post-thumbnail","6":"product_brand-jarstol","7":"product_cat-diivanilauad","8":"product_cat-soogilauad","10":"first","11":"instock","12":"sale","13":"taxable","14":"shipping-taxable","15":"purchasable","16":"product-type-simple"},"acf":[],"_links":{"self":[{"href":"https:\/\/mobecor.ee\/en\/wp-json\/wp\/v2\/product\/22242","targetHints":{"allow":["GET"]}}],"collection":[{"href":"https:\/\/mobecor.ee\/en\/wp-json\/wp\/v2\/product"}],"about":[{"href":"https:\/\/mobecor.ee\/en\/wp-json\/wp\/v2\/types\/product"}],"wp:featuredmedia":[{"embeddable":true,"href":"https:\/\/mobecor.ee\/en\/wp-json\/wp\/v2\/media\/8528"}],"wp:attachment":[{"href":"https:\/\/mobecor.ee\/en\/wp-json\/wp\/v2\/media?parent=22242"}],"wp:term":[{"taxonomy":"series","embeddable":true,"href":"https:\/\/mobecor.ee\/en\/wp-json\/wp\/v2\/series?post=22242"},{"taxonomy":"product_brand","embeddable":true,"href":"https:\/\/mobecor.ee\/en\/wp-json\/wp\/v2\/product_brand?post=22242"},{"taxonomy":"product_cat","embeddable":true,"href":"https:\/\/mobecor.ee\/en\/wp-json\/wp\/v2\/product_cat?post=22242"},{"taxonomy":"product_tag","embeddable":true,"href":"https:\/\/mobecor.ee\/en\/wp-json\/wp\/v2\/product_tag?post=22242"}],"curies":[{"name":"wp","href":"https:\/\/api.w.org\/{rel}","templated":true}]}}