{"id":22258,"date":"2025-05-05T12:41:29","date_gmt":"2025-05-05T12:41:29","guid":{"rendered":"https:\/\/mobecor.ee\/?post_type=product&#038;p=22258"},"modified":"2026-04-07T14:36:33","modified_gmt":"2026-04-07T11:36:33","slug":"nurgadiivanvoodi-colombo-mini-15120","status":"publish","type":"product","link":"https:\/\/mobecor.ee\/en\/toode\/nurgadiivanvoodi-colombo-mini-15120\/","title":{"rendered":"Nurgadiivan Colombo mini (275\/182)"},"content":{"rendered":"<p>Nurgadiivanil on reguleeritavad peatoed ja elektriliselt reguleeritav istme s\u00fcgavus.<br \/>\nVedrustus: sik-sak.<br \/>\nV\u00e4ljaulatuva osa all on pesukast.<br \/>\nToodetud: Poolas.<br \/>\nNB! Hind kehtib I grupi kangastega (piltidel I grupi kangad).<br \/>\nSuuremat kangavalikut on v\u00f5imalik n\u00e4ha Mobecori m\u00f6\u00f6blipoes V\u00f5rus.<span style=\"font-size: 14px;\"><br \/>\n<\/span><\/p>\n","protected":false},"excerpt":{"rendered":"<p>Laius:\u00a0275 cm.<br \/>\nS\u00fcgavus:\u00a0113\/182\u00a0cm.<br \/>\nK\u00f5rgus: 81\/103 cm.<br \/>\nIstumisk\u00f5rgus:\u00a045 cm.<br \/>\nMagamisosa :\u00a088 x 220 cm.<br \/>\nPesukast: 132 x 71 x 17 cm.<br \/>\nJala k\u00f5rgus: 5 cm.<br \/>\nTarneaeg: 10-16 n\u00e4dalat.<\/p>\n","protected":false},"featured_media":8390,"template":"","meta":{"_acf_changed":false,"inline_featured_image":false},"series":[],"product_brand":[2955],"product_cat":[213],"product_tag":[],"class_list":{"0":"post-22258","1":"product","2":"type-product","3":"status-publish","4":"has-post-thumbnail","6":"product_brand-wersal","7":"product_cat-nurgadiivanid","9":"first","10":"instock","11":"taxable","12":"shipping-taxable","13":"purchasable","14":"product-type-simple"},"acf":[],"_links":{"self":[{"href":"https:\/\/mobecor.ee\/en\/wp-json\/wp\/v2\/product\/22258","targetHints":{"allow":["GET"]}}],"collection":[{"href":"https:\/\/mobecor.ee\/en\/wp-json\/wp\/v2\/product"}],"about":[{"href":"https:\/\/mobecor.ee\/en\/wp-json\/wp\/v2\/types\/product"}],"wp:featuredmedia":[{"embeddable":true,"href":"https:\/\/mobecor.ee\/en\/wp-json\/wp\/v2\/media\/8390"}],"wp:attachment":[{"href":"https:\/\/mobecor.ee\/en\/wp-json\/wp\/v2\/media?parent=22258"}],"wp:term":[{"taxonomy":"series","embeddable":true,"href":"https:\/\/mobecor.ee\/en\/wp-json\/wp\/v2\/series?post=22258"},{"taxonomy":"product_brand","embeddable":true,"href":"https:\/\/mobecor.ee\/en\/wp-json\/wp\/v2\/product_brand?post=22258"},{"taxonomy":"product_cat","embeddable":true,"href":"https:\/\/mobecor.ee\/en\/wp-json\/wp\/v2\/product_cat?post=22258"},{"taxonomy":"product_tag","embeddable":true,"href":"https:\/\/mobecor.ee\/en\/wp-json\/wp\/v2\/product_tag?post=22258"}],"curies":[{"name":"wp","href":"https:\/\/api.w.org\/{rel}","templated":true}]}}