{"id":22280,"date":"2025-05-05T12:42:26","date_gmt":"2025-05-05T12:42:26","guid":{"rendered":"https:\/\/mobecor.ee\/?post_type=product&#038;p=22280"},"modified":"2026-03-27T07:02:26","modified_gmt":"2026-03-27T05:02:26","slug":"soogilaud-embos-120-75","status":"publish","type":"product","link":"https:\/\/mobecor.ee\/en\/toode\/soogilaud-embos-120-75\/","title":{"rendered":"S\u00f6\u00f6gilaud Embos (\u00f8120)"},"content":{"rendered":"<p>\u00dcmmargune s\u00f6\u00f6gilaud.<br \/>\nLauaplaadi materjal: must lakitud MDF.<br \/>\nJalad: mustad, pulberv\u00e4rvitud terasest + kroomitud kuldne osa.<br \/>\nToodetud: Poolas.<\/p>\n","protected":false},"excerpt":{"rendered":"<p>Lauaplaadi l\u00e4bim\u00f5\u00f5t: 120 cm.<br \/>\nK\u00f5rgus: 75 cm.<br \/>\nToode\u00a0vajab kokku monteerimist.<br \/>\nTarneaeg: 4-8 n\u00e4dalat.<br \/>\nNB! Piltidel olevad toolid ei kuulu komplekti.<\/p>\n","protected":false},"featured_media":8432,"template":"","meta":{"_acf_changed":false,"inline_featured_image":false},"series":[],"product_brand":[2942],"product_cat":[219],"product_tag":[],"class_list":{"0":"post-22280","1":"product","2":"type-product","3":"status-publish","4":"has-post-thumbnail","6":"product_brand-halmar","7":"product_cat-soogilauad","9":"first","10":"instock","11":"taxable","12":"shipping-taxable","13":"purchasable","14":"product-type-simple"},"acf":[],"_links":{"self":[{"href":"https:\/\/mobecor.ee\/en\/wp-json\/wp\/v2\/product\/22280","targetHints":{"allow":["GET"]}}],"collection":[{"href":"https:\/\/mobecor.ee\/en\/wp-json\/wp\/v2\/product"}],"about":[{"href":"https:\/\/mobecor.ee\/en\/wp-json\/wp\/v2\/types\/product"}],"wp:featuredmedia":[{"embeddable":true,"href":"https:\/\/mobecor.ee\/en\/wp-json\/wp\/v2\/media\/8432"}],"wp:attachment":[{"href":"https:\/\/mobecor.ee\/en\/wp-json\/wp\/v2\/media?parent=22280"}],"wp:term":[{"taxonomy":"series","embeddable":true,"href":"https:\/\/mobecor.ee\/en\/wp-json\/wp\/v2\/series?post=22280"},{"taxonomy":"product_brand","embeddable":true,"href":"https:\/\/mobecor.ee\/en\/wp-json\/wp\/v2\/product_brand?post=22280"},{"taxonomy":"product_cat","embeddable":true,"href":"https:\/\/mobecor.ee\/en\/wp-json\/wp\/v2\/product_cat?post=22280"},{"taxonomy":"product_tag","embeddable":true,"href":"https:\/\/mobecor.ee\/en\/wp-json\/wp\/v2\/product_tag?post=22280"}],"curies":[{"name":"wp","href":"https:\/\/api.w.org\/{rel}","templated":true}]}}