{"id":22358,"date":"2025-05-05T12:47:21","date_gmt":"2025-05-05T12:47:21","guid":{"rendered":"https:\/\/mobecor.ee\/?post_type=product&#038;p=22358"},"modified":"2026-04-07T14:36:27","modified_gmt":"2026-04-07T11:36:27","slug":"nurgadiivanvoodi-livio","status":"publish","type":"product","link":"https:\/\/mobecor.ee\/en\/toode\/nurgadiivanvoodi-livio\/","title":{"rendered":"Nurgadiivanvoodi Livio (249\/184)"},"content":{"rendered":"<p>Nurgadiivanil on reguleeritavad peatoed.<br \/>\nMagamisosa avaneb lihtsalt ja sobib igap\u00e4evaseks magamiseks.<br \/>\nV\u00e4ljaulatuva osa all on pesukast.<br \/>\nVedrustus: sik-sak.<br \/>\nToodetud: Poolas.<br \/>\nNB! Hind kehtib I grupi kangastega (piltidel I grupi kangad).<br \/>\nSuuremat kangavalikut on v\u00f5imalik n\u00e4ha Mobecori m\u00f6\u00f6blipoes V\u00f5rus.<span style=\"font-size: 14px;\"><br \/>\n<\/span><\/p>\n","protected":false},"excerpt":{"rendered":"<p>Laius: 249 cm.<br \/>\nS\u00fcgavus:\u00a093\/184 cm.<br \/>\nK\u00f5rgus: 74\/90 cm.<br \/>\nIstumisk\u00f5rgus: 45 cm.<br \/>\nMagamiskoha m\u00f5\u00f5dud: 124 x 194 cm.<br \/>\nPesukasti m\u00f5\u00f5dud:\u00a0172 x 83 x 16 cm.<br \/>\nJala k\u00f5rgus: 10 cm.<br \/>\nTarneaeg: 10-16 n\u00e4dalat.<\/p>\n","protected":false},"featured_media":8240,"template":"","meta":{"_acf_changed":false,"inline_featured_image":false},"series":[],"product_brand":[2955],"product_cat":[213],"product_tag":[],"class_list":{"0":"post-22358","1":"product","2":"type-product","3":"status-publish","4":"has-post-thumbnail","6":"product_brand-wersal","7":"product_cat-nurgadiivanid","9":"first","10":"instock","11":"taxable","12":"shipping-taxable","13":"purchasable","14":"product-type-simple"},"acf":[],"_links":{"self":[{"href":"https:\/\/mobecor.ee\/en\/wp-json\/wp\/v2\/product\/22358","targetHints":{"allow":["GET"]}}],"collection":[{"href":"https:\/\/mobecor.ee\/en\/wp-json\/wp\/v2\/product"}],"about":[{"href":"https:\/\/mobecor.ee\/en\/wp-json\/wp\/v2\/types\/product"}],"wp:featuredmedia":[{"embeddable":true,"href":"https:\/\/mobecor.ee\/en\/wp-json\/wp\/v2\/media\/8240"}],"wp:attachment":[{"href":"https:\/\/mobecor.ee\/en\/wp-json\/wp\/v2\/media?parent=22358"}],"wp:term":[{"taxonomy":"series","embeddable":true,"href":"https:\/\/mobecor.ee\/en\/wp-json\/wp\/v2\/series?post=22358"},{"taxonomy":"product_brand","embeddable":true,"href":"https:\/\/mobecor.ee\/en\/wp-json\/wp\/v2\/product_brand?post=22358"},{"taxonomy":"product_cat","embeddable":true,"href":"https:\/\/mobecor.ee\/en\/wp-json\/wp\/v2\/product_cat?post=22358"},{"taxonomy":"product_tag","embeddable":true,"href":"https:\/\/mobecor.ee\/en\/wp-json\/wp\/v2\/product_tag?post=22358"}],"curies":[{"name":"wp","href":"https:\/\/api.w.org\/{rel}","templated":true}]}}