{"id":22362,"date":"2025-05-05T12:47:30","date_gmt":"2025-05-05T12:47:30","guid":{"rendered":"https:\/\/mobecor.ee\/?post_type=product&#038;p=22362"},"modified":"2026-04-07T14:36:10","modified_gmt":"2026-04-07T11:36:10","slug":"nurgadiivanvoodi-molina-l","status":"publish","type":"product","link":"https:\/\/mobecor.ee\/en\/toode\/nurgadiivanvoodi-molina-l\/","title":{"rendered":"Nurgadiivanvoodi Molina L (263\/210)"},"content":{"rendered":"<p>Nurgadiivanvoodil on reguleeritavad pea- ning k\u00e4etoed.<br \/>\nVedrustus: sik-sak.<br \/>\nMagamiseks avaneb lihtsalt, Delfin mehhanismi abil.<br \/>\nV\u00e4ljaulatuva osa all on mahukas pesukast.<br \/>\nToodetud: Poolas.<br \/>\nNB! Hind kehtib I grupi kangastega (piltidel I grupi kangad).<br \/>\nSuuremat kangavalikut on v\u00f5imalik n\u00e4ha Mobecori m\u00f6\u00f6blipoes V\u00f5rus.<span style=\"font-size: 14px;\"><br \/>\n<\/span><\/p>\n","protected":false},"excerpt":{"rendered":"<p>Laius: 263 cm.<br \/>\nS\u00fcgavus:\u00a093\/210 cm.<br \/>\nK\u00f5rgus:\u00a075\/90 cm.<br \/>\nIstumisk\u00f5rgus:\u00a045 cm.<br \/>\nMagamisosa :\u00a0125 x 195 cm.<br \/>\nPesukast:\u00a0197 x 83 x 16 cm.<br \/>\nJala k\u00f5rgus: 10 cm.<br \/>\nTarneaeg: 10-16 n\u00e4dalat.<\/p>\n","protected":false},"featured_media":8244,"template":"","meta":{"_acf_changed":false,"inline_featured_image":false},"series":[],"product_brand":[2955],"product_cat":[213],"product_tag":[],"class_list":{"0":"post-22362","1":"product","2":"type-product","3":"status-publish","4":"has-post-thumbnail","6":"product_brand-wersal","7":"product_cat-nurgadiivanid","9":"first","10":"instock","11":"taxable","12":"shipping-taxable","13":"purchasable","14":"product-type-simple"},"acf":[],"_links":{"self":[{"href":"https:\/\/mobecor.ee\/en\/wp-json\/wp\/v2\/product\/22362","targetHints":{"allow":["GET"]}}],"collection":[{"href":"https:\/\/mobecor.ee\/en\/wp-json\/wp\/v2\/product"}],"about":[{"href":"https:\/\/mobecor.ee\/en\/wp-json\/wp\/v2\/types\/product"}],"wp:featuredmedia":[{"embeddable":true,"href":"https:\/\/mobecor.ee\/en\/wp-json\/wp\/v2\/media\/8244"}],"wp:attachment":[{"href":"https:\/\/mobecor.ee\/en\/wp-json\/wp\/v2\/media?parent=22362"}],"wp:term":[{"taxonomy":"series","embeddable":true,"href":"https:\/\/mobecor.ee\/en\/wp-json\/wp\/v2\/series?post=22362"},{"taxonomy":"product_brand","embeddable":true,"href":"https:\/\/mobecor.ee\/en\/wp-json\/wp\/v2\/product_brand?post=22362"},{"taxonomy":"product_cat","embeddable":true,"href":"https:\/\/mobecor.ee\/en\/wp-json\/wp\/v2\/product_cat?post=22362"},{"taxonomy":"product_tag","embeddable":true,"href":"https:\/\/mobecor.ee\/en\/wp-json\/wp\/v2\/product_tag?post=22362"}],"curies":[{"name":"wp","href":"https:\/\/api.w.org\/{rel}","templated":true}]}}