{"id":22365,"date":"2025-05-05T12:47:35","date_gmt":"2025-05-05T12:47:35","guid":{"rendered":"https:\/\/mobecor.ee\/?post_type=product&#038;p=22365"},"modified":"2025-12-16T14:42:03","modified_gmt":"2025-12-16T12:42:03","slug":"komplekt-veneto-must","status":"publish","type":"product","link":"https:\/\/mobecor.ee\/en\/toode\/komplekt-veneto-must\/","title":{"rendered":"Komplekt Veneto, must"},"content":{"rendered":"<p><span style=\"font-size: 14px;\">Komplekti kuulub \u00fcmmargune laud ja 4 tooli.<\/span><br \/>\n<span style=\"font-size: 14px;\">Tooli karkass on t\u00e4ispuidust, v\u00e4rvus naturaalne.<\/span><br \/>\n<span style=\"font-size: 14px;\">Seljatugi vineer, v\u00e4rvus must.<\/span><br \/>\n<span style=\"font-size: 14px;\">Iste vineer, pehmenduseks poroloon, kaetud musta kunstnahaga.<\/span><br \/>\n<span style=\"font-size: 14px;\">Tooli k\u00f5rgus: 81 cm.<\/span><br \/>\n<span style=\"font-size: 14px;\">Tooli laius: 44 cm.<\/span><br \/>\n<span style=\"font-size: 14px;\">Tooli s\u00fcgavus: 41 cm.<\/span><br \/>\n<span style=\"font-size: 14px;\">Tooli iste k\u00f5rgus: 43 cm.<\/span><br \/>\n<span style=\"font-size: 14px;\">Lauaplaadi l\u00e4bim\u00f5\u00f5t: 90 cm.<\/span><br \/>\n<span style=\"font-size: 14px;\">Laua k\u00f5rgus: 74 cm.<\/span><br \/>\n<span style=\"font-size: 14px;\">Tarneaeg: kuni 4 n\u00e4dalat.<\/span><\/p>\n","protected":false},"excerpt":{"rendered":"<p>Komplekti kuulub \u00fcmmargune laud ja 4 tooli. Tooli karkass on t\u00e4ispuidust, v\u00e4rvus naturaalne. Seljatugi vineer, v\u00e4rvus must. Iste vineer, pehmenduseks&#8230;<\/p>\n","protected":false},"featured_media":70328,"template":"","meta":{"_acf_changed":false,"inline_featured_image":false},"series":[],"product_brand":[2913],"product_cat":[219,51],"product_tag":[],"class_list":{"0":"post-22365","1":"product","2":"type-product","3":"status-publish","4":"has-post-thumbnail","6":"product_brand-grafio","7":"product_cat-soogilauad","8":"product_cat-toolid","10":"first","11":"instock","12":"sale","13":"taxable","14":"shipping-taxable","15":"purchasable","16":"product-type-simple"},"acf":[],"_links":{"self":[{"href":"https:\/\/mobecor.ee\/en\/wp-json\/wp\/v2\/product\/22365","targetHints":{"allow":["GET"]}}],"collection":[{"href":"https:\/\/mobecor.ee\/en\/wp-json\/wp\/v2\/product"}],"about":[{"href":"https:\/\/mobecor.ee\/en\/wp-json\/wp\/v2\/types\/product"}],"wp:featuredmedia":[{"embeddable":true,"href":"https:\/\/mobecor.ee\/en\/wp-json\/wp\/v2\/media\/70328"}],"wp:attachment":[{"href":"https:\/\/mobecor.ee\/en\/wp-json\/wp\/v2\/media?parent=22365"}],"wp:term":[{"taxonomy":"series","embeddable":true,"href":"https:\/\/mobecor.ee\/en\/wp-json\/wp\/v2\/series?post=22365"},{"taxonomy":"product_brand","embeddable":true,"href":"https:\/\/mobecor.ee\/en\/wp-json\/wp\/v2\/product_brand?post=22365"},{"taxonomy":"product_cat","embeddable":true,"href":"https:\/\/mobecor.ee\/en\/wp-json\/wp\/v2\/product_cat?post=22365"},{"taxonomy":"product_tag","embeddable":true,"href":"https:\/\/mobecor.ee\/en\/wp-json\/wp\/v2\/product_tag?post=22365"}],"curies":[{"name":"wp","href":"https:\/\/api.w.org\/{rel}","templated":true}]}}