{"id":22366,"date":"2025-05-05T12:47:38","date_gmt":"2025-05-05T12:47:38","guid":{"rendered":"https:\/\/mobecor.ee\/?post_type=product&#038;p=22366"},"modified":"2026-04-11T09:30:57","modified_gmt":"2026-04-11T06:30:57","slug":"tool-veneto-must","status":"publish","type":"product","link":"https:\/\/mobecor.ee\/en\/toode\/tool-veneto-must\/","title":{"rendered":"Tool Veneto, must"},"content":{"rendered":"<p>Tooli karkass on t\u00e4ispuidust, v\u00e4rvus naturaalne.<br \/>\nSeljatugi vineer, v\u00e4rvus must.<br \/>\nIste vineer, pehmenduseks poroloon, kaetud musta kunstnahaga.<br \/>\nTooli k\u00f5rgus: 81 cm.<br \/>\nTooli laius: 44 cm.<br \/>\nTooli s\u00fcgavus: 41 cm.<br \/>\nTooli iste k\u00f5rgus: 43 cm.<br \/>\n<strong>Tarneaeg: laos kohe olemas.<\/strong><\/p>\n","protected":false},"excerpt":{"rendered":"<p>Tooli karkass on t\u00e4ispuidust, v\u00e4rvus naturaalne. Seljatugi vineer, v\u00e4rvus must. Iste vineer, pehmenduseks poroloon, kaetud musta kunstnahaga. Tooli k\u00f5rgus: 81&#8230;<\/p>\n","protected":false},"featured_media":70332,"template":"","meta":{"_acf_changed":false,"inline_featured_image":false},"series":[],"product_brand":[2913],"product_cat":[51,2924],"product_tag":[],"class_list":{"0":"post-22366","1":"product","2":"type-product","3":"status-publish","4":"has-post-thumbnail","6":"product_brand-grafio","7":"product_cat-toolid","8":"product_cat-soogilauad-ja-toolid-laos","10":"first","11":"instock","12":"sale","13":"taxable","14":"shipping-taxable","15":"purchasable","16":"product-type-simple"},"acf":[],"_links":{"self":[{"href":"https:\/\/mobecor.ee\/en\/wp-json\/wp\/v2\/product\/22366","targetHints":{"allow":["GET"]}}],"collection":[{"href":"https:\/\/mobecor.ee\/en\/wp-json\/wp\/v2\/product"}],"about":[{"href":"https:\/\/mobecor.ee\/en\/wp-json\/wp\/v2\/types\/product"}],"wp:featuredmedia":[{"embeddable":true,"href":"https:\/\/mobecor.ee\/en\/wp-json\/wp\/v2\/media\/70332"}],"wp:attachment":[{"href":"https:\/\/mobecor.ee\/en\/wp-json\/wp\/v2\/media?parent=22366"}],"wp:term":[{"taxonomy":"series","embeddable":true,"href":"https:\/\/mobecor.ee\/en\/wp-json\/wp\/v2\/series?post=22366"},{"taxonomy":"product_brand","embeddable":true,"href":"https:\/\/mobecor.ee\/en\/wp-json\/wp\/v2\/product_brand?post=22366"},{"taxonomy":"product_cat","embeddable":true,"href":"https:\/\/mobecor.ee\/en\/wp-json\/wp\/v2\/product_cat?post=22366"},{"taxonomy":"product_tag","embeddable":true,"href":"https:\/\/mobecor.ee\/en\/wp-json\/wp\/v2\/product_tag?post=22366"}],"curies":[{"name":"wp","href":"https:\/\/api.w.org\/{rel}","templated":true}]}}