{"id":22367,"date":"2025-05-05T12:47:42","date_gmt":"2025-05-05T12:47:42","guid":{"rendered":"https:\/\/mobecor.ee\/?post_type=product&#038;p=22367"},"modified":"2026-03-27T12:56:12","modified_gmt":"2026-03-27T10:56:12","slug":"komplekt-veneto-valge-15914","status":"publish","type":"product","link":"https:\/\/mobecor.ee\/en\/toode\/komplekt-veneto-valge-15914\/","title":{"rendered":"Tool Veneto, valge"},"content":{"rendered":"<p>Tooli karkass on t\u00e4ispuidust, v\u00e4rvus naturaalne.<br \/>\nSeljatugi vineer, v\u00e4rvus valge.<br \/>\nIste vineer, pehmenduseks poroloon, kaetud valge kunstnahaga.<br \/>\nTooli k\u00f5rgus: 81 cm.<br \/>\nTooli laius: 44 cm.<br \/>\nTooli s\u00fcgavus: 41 cm.<br \/>\nTooli iste k\u00f5rgus: 43 cm.<br \/>\nTarneaeg: laos kohe olemas.<\/p>\n","protected":false},"excerpt":{"rendered":"<p>Tooli karkass on t\u00e4ispuidust, v\u00e4rvus naturaalne. Seljatugi vineer, v\u00e4rvus valge. Iste vineer, pehmenduseks poroloon, kaetud valge kunstnahaga. Tooli k\u00f5rgus: 81&#8230;<\/p>\n","protected":false},"featured_media":70315,"template":"","meta":{"_acf_changed":false,"inline_featured_image":false},"series":[],"product_brand":[2913],"product_cat":[51,2924],"product_tag":[],"class_list":{"0":"post-22367","1":"product","2":"type-product","3":"status-publish","4":"has-post-thumbnail","6":"product_brand-grafio","7":"product_cat-toolid","8":"product_cat-soogilauad-ja-toolid-laos","10":"first","11":"instock","12":"sale","13":"taxable","14":"shipping-taxable","15":"purchasable","16":"product-type-simple"},"acf":[],"_links":{"self":[{"href":"https:\/\/mobecor.ee\/en\/wp-json\/wp\/v2\/product\/22367","targetHints":{"allow":["GET"]}}],"collection":[{"href":"https:\/\/mobecor.ee\/en\/wp-json\/wp\/v2\/product"}],"about":[{"href":"https:\/\/mobecor.ee\/en\/wp-json\/wp\/v2\/types\/product"}],"wp:featuredmedia":[{"embeddable":true,"href":"https:\/\/mobecor.ee\/en\/wp-json\/wp\/v2\/media\/70315"}],"wp:attachment":[{"href":"https:\/\/mobecor.ee\/en\/wp-json\/wp\/v2\/media?parent=22367"}],"wp:term":[{"taxonomy":"series","embeddable":true,"href":"https:\/\/mobecor.ee\/en\/wp-json\/wp\/v2\/series?post=22367"},{"taxonomy":"product_brand","embeddable":true,"href":"https:\/\/mobecor.ee\/en\/wp-json\/wp\/v2\/product_brand?post=22367"},{"taxonomy":"product_cat","embeddable":true,"href":"https:\/\/mobecor.ee\/en\/wp-json\/wp\/v2\/product_cat?post=22367"},{"taxonomy":"product_tag","embeddable":true,"href":"https:\/\/mobecor.ee\/en\/wp-json\/wp\/v2\/product_tag?post=22367"}],"curies":[{"name":"wp","href":"https:\/\/api.w.org\/{rel}","templated":true}]}}