{"id":22369,"date":"2025-05-05T12:47:48","date_gmt":"2025-05-05T12:47:48","guid":{"rendered":"https:\/\/mobecor.ee\/?post_type=product&#038;p=22369"},"modified":"2026-03-12T12:14:21","modified_gmt":"2026-03-12T10:14:21","slug":"vedrumadrats-samba-pocket-180","status":"publish","type":"product","link":"https:\/\/mobecor.ee\/en\/toode\/vedrumadrats-samba-pocket-180\/","title":{"rendered":"Vedrumadrats Samba Pocket"},"content":{"rendered":"<p>Kahepoolne keskmise tugevusega vedrumadrats.<br \/>\nMadratsil on pocket-vedrustus, mille puhul on k\u00f5ik vedrud on pakitud eraldi riidest kottidesse.<br \/>\nSelline vedrus\u00fcsteem v\u00f5tab inimese keha j\u00e4rgi kuju, keharaskus jaotub \u00fchtlaselt madratsile ja iga vedru t\u00f6\u00f6tab individuaalselt nii, et keha saab just \u00f5igetest ja vajalikest kohtadest tuge, mis toob esile madratsi ortopeedilised omadused.<br \/>\nVedruplokki tugevdavad metallraam ja vildikiht.<br \/>\nMadratsi\u00a0m\u00f5lemad k\u00fcljed on kaetud k\u00f5rge elastsusega pol\u00fcuretaanvahuga (HR foam).<br \/>\nSee on suhteliselt k\u00f5va s\u00fcnteetiline materjal, kuid selle valmistamise tehnoloogia annab sellele pika eluea, s\u00e4ilitades selle omadused ja funktsionaalsuse.<br \/>\nMadrats\u00a0sobib k\u00f5igile, kellele meeldib magada suhteliselt k\u00f5val, kuid mitte k\u00f5val pinnal.<br \/>\nMadratsi kate: m\u00f5lemalt poolt s\u00fcnteponiga tepitud\u00a0kangas (tihedus 300g\/m2).<br \/>\nSisu:<br \/>\n* HR vaht (tihedus 42kg\/m3) m\u00f5lemal k\u00fcljel;<br \/>\n* Vilt;<br \/>\n* Pocket vedrud + metallraam;<br \/>\n* Vilt;<br \/>\n*\u00a0HR vaht<br \/>\nToodetud: L\u00e4tis.<\/p>\n","protected":false},"excerpt":{"rendered":"<p>Madratsi k\u00f5rgus: 22 cm.<br \/>\nS\u00fcgavus: 200 cm.<br \/>\nLaiused: 80; 90; 120; 140; 160; 180 cm.<br \/>\nTarneaeg: kuni 4 n\u00e4dalat.<\/p>\n","protected":false},"featured_media":8258,"template":"","meta":{"_acf_changed":false,"inline_featured_image":false},"series":[],"product_brand":[2858],"product_cat":[337],"product_tag":[],"class_list":{"0":"post-22369","1":"product","2":"type-product","3":"status-publish","4":"has-post-thumbnail","6":"product_brand-sendeko","7":"product_cat-sendeko-vedrumadratsid","9":"first","10":"instock","11":"taxable","12":"shipping-taxable","13":"purchasable","14":"product-type-variable"},"acf":[],"_links":{"self":[{"href":"https:\/\/mobecor.ee\/en\/wp-json\/wp\/v2\/product\/22369","targetHints":{"allow":["GET"]}}],"collection":[{"href":"https:\/\/mobecor.ee\/en\/wp-json\/wp\/v2\/product"}],"about":[{"href":"https:\/\/mobecor.ee\/en\/wp-json\/wp\/v2\/types\/product"}],"wp:featuredmedia":[{"embeddable":true,"href":"https:\/\/mobecor.ee\/en\/wp-json\/wp\/v2\/media\/8258"}],"wp:attachment":[{"href":"https:\/\/mobecor.ee\/en\/wp-json\/wp\/v2\/media?parent=22369"}],"wp:term":[{"taxonomy":"series","embeddable":true,"href":"https:\/\/mobecor.ee\/en\/wp-json\/wp\/v2\/series?post=22369"},{"taxonomy":"product_brand","embeddable":true,"href":"https:\/\/mobecor.ee\/en\/wp-json\/wp\/v2\/product_brand?post=22369"},{"taxonomy":"product_cat","embeddable":true,"href":"https:\/\/mobecor.ee\/en\/wp-json\/wp\/v2\/product_cat?post=22369"},{"taxonomy":"product_tag","embeddable":true,"href":"https:\/\/mobecor.ee\/en\/wp-json\/wp\/v2\/product_tag?post=22369"}],"curies":[{"name":"wp","href":"https:\/\/api.w.org\/{rel}","templated":true}]}}