{"id":22389,"date":"2025-05-05T12:49:26","date_gmt":"2025-05-05T12:49:26","guid":{"rendered":"https:\/\/mobecor.ee\/?post_type=product&#038;p=22389"},"modified":"2026-04-07T14:35:11","modified_gmt":"2026-04-07T11:35:11","slug":"nurgadiivan-campo-xl","status":"publish","type":"product","link":"https:\/\/mobecor.ee\/en\/toode\/nurgadiivan-campo-xl\/","title":{"rendered":"Nurgadiivan Campo XL (374\/220)"},"content":{"rendered":"<p>Nurgadiivani keskmise istme s\u00fcgavus on elektriliselt reguleeritav.<br \/>\nReguleeritavad peatoed.<br \/>\nVedrustus: sik-sak.<br \/>\nToodetud: Poolas.<br \/>\nNB! Hind kehtib I grupi kangastega (piltidel I grupi kangad).<br \/>\nSuuremat kangavalikut on v\u00f5imalik n\u00e4ha Mobecori m\u00f6\u00f6blipoes V\u00f5rus.<span style=\"font-size: 14px;\"><br \/>\n<\/span><\/p>\n","protected":false},"excerpt":{"rendered":"<p>Laius:\u00a0374 cm.<br \/>\nS\u00fcgavus:\u00a0178\/220 cm.<br \/>\nK\u00f5rgus:\u00a078\/101 cm.<br \/>\nIstumisk\u00f5rgus: 45 cm.<br \/>\nJala k\u00f5rgus: 5 cm.<br \/>\nTarneaeg: 10-16 n\u00e4dalat.<\/p>\n","protected":false},"featured_media":8178,"template":"","meta":{"_acf_changed":false,"inline_featured_image":false},"series":[],"product_brand":[2955],"product_cat":[213],"product_tag":[],"class_list":{"0":"post-22389","1":"product","2":"type-product","3":"status-publish","4":"has-post-thumbnail","6":"product_brand-wersal","7":"product_cat-nurgadiivanid","9":"first","10":"instock","11":"taxable","12":"shipping-taxable","13":"purchasable","14":"product-type-simple"},"acf":[],"_links":{"self":[{"href":"https:\/\/mobecor.ee\/en\/wp-json\/wp\/v2\/product\/22389","targetHints":{"allow":["GET"]}}],"collection":[{"href":"https:\/\/mobecor.ee\/en\/wp-json\/wp\/v2\/product"}],"about":[{"href":"https:\/\/mobecor.ee\/en\/wp-json\/wp\/v2\/types\/product"}],"wp:featuredmedia":[{"embeddable":true,"href":"https:\/\/mobecor.ee\/en\/wp-json\/wp\/v2\/media\/8178"}],"wp:attachment":[{"href":"https:\/\/mobecor.ee\/en\/wp-json\/wp\/v2\/media?parent=22389"}],"wp:term":[{"taxonomy":"series","embeddable":true,"href":"https:\/\/mobecor.ee\/en\/wp-json\/wp\/v2\/series?post=22389"},{"taxonomy":"product_brand","embeddable":true,"href":"https:\/\/mobecor.ee\/en\/wp-json\/wp\/v2\/product_brand?post=22389"},{"taxonomy":"product_cat","embeddable":true,"href":"https:\/\/mobecor.ee\/en\/wp-json\/wp\/v2\/product_cat?post=22389"},{"taxonomy":"product_tag","embeddable":true,"href":"https:\/\/mobecor.ee\/en\/wp-json\/wp\/v2\/product_tag?post=22389"}],"curies":[{"name":"wp","href":"https:\/\/api.w.org\/{rel}","templated":true}]}}