{"id":22407,"date":"2025-05-05T12:50:58","date_gmt":"2025-05-05T12:50:58","guid":{"rendered":"https:\/\/mobecor.ee\/?post_type=product&#038;p=22407"},"modified":"2026-01-20T14:45:54","modified_gmt":"2026-01-20T12:45:54","slug":"voodi-york-york-y-18-140","status":"publish","type":"product","link":"https:\/\/mobecor.ee\/en\/toode\/voodi-york-york-y-18-140\/","title":{"rendered":"Voodi York Y-18\/140 S.P."},"content":{"rendered":"<p>Voodi koos \u00fclest\u00f5stetava p\u00f5hja ja pesukastiga.<br \/>\nVoodi peats on osaliselt polsterdatud ja kaetud grafiithalli kangaga.<br \/>\nVoodile sobib madrats m\u00f5\u00f5tudes 140 x 200 cm.<br \/>\nMadrats\u00a0 ei kuulu komplekti.<br \/>\nLisavalikuna v\u00f5imalik juurde osta led\u00a0riba\u00a0voodi karkassi \u00fcmber.<br \/>\nMaterjal:\u00a0lamineeritud puitlaastplaat 16 mm.<br \/>\nServad: ABS 0,5 mm\/1,5mm.<br \/>\nV\u00e4rv: tamm Grandson\/grafiit.<br \/>\nToodetud: Poolas.<br \/>\nToode tarnitakse detailidena.<span style=\"font-size: 10pt;\"><span style=\"line-height: 1.3em;\"><br \/>\n<\/span><\/span><span style=\"line-height: 1.3em; font-size: 10pt;\"><br \/>\n<\/span><\/p>\n","protected":false},"excerpt":{"rendered":"<p>Laius: 150 cm.<br \/>\nS\u00fcgavus:\u00a0220 cm.<br \/>\nK\u00f5rgus:\u00a0100 cm.<br \/>\nTarneaeg: 4-8 n\u00e4dalat.<\/p>\n","protected":false},"featured_media":67558,"template":"","meta":{"_acf_changed":false,"inline_featured_image":false},"series":[2854],"product_brand":[2945],"product_cat":[4015],"product_tag":[],"class_list":{"0":"post-22407","1":"product","2":"type-product","3":"status-publish","4":"has-post-thumbnail","6":"series-york","7":"product_brand-liveo","8":"product_cat-voodid-140-x-200","10":"first","11":"instock","12":"taxable","13":"shipping-taxable","14":"purchasable","15":"product-type-variable"},"acf":[],"_links":{"self":[{"href":"https:\/\/mobecor.ee\/en\/wp-json\/wp\/v2\/product\/22407","targetHints":{"allow":["GET"]}}],"collection":[{"href":"https:\/\/mobecor.ee\/en\/wp-json\/wp\/v2\/product"}],"about":[{"href":"https:\/\/mobecor.ee\/en\/wp-json\/wp\/v2\/types\/product"}],"wp:featuredmedia":[{"embeddable":true,"href":"https:\/\/mobecor.ee\/en\/wp-json\/wp\/v2\/media\/67558"}],"wp:attachment":[{"href":"https:\/\/mobecor.ee\/en\/wp-json\/wp\/v2\/media?parent=22407"}],"wp:term":[{"taxonomy":"series","embeddable":true,"href":"https:\/\/mobecor.ee\/en\/wp-json\/wp\/v2\/series?post=22407"},{"taxonomy":"product_brand","embeddable":true,"href":"https:\/\/mobecor.ee\/en\/wp-json\/wp\/v2\/product_brand?post=22407"},{"taxonomy":"product_cat","embeddable":true,"href":"https:\/\/mobecor.ee\/en\/wp-json\/wp\/v2\/product_cat?post=22407"},{"taxonomy":"product_tag","embeddable":true,"href":"https:\/\/mobecor.ee\/en\/wp-json\/wp\/v2\/product_tag?post=22407"}],"curies":[{"name":"wp","href":"https:\/\/api.w.org\/{rel}","templated":true}]}}