{"id":22412,"date":"2025-05-05T12:51:21","date_gmt":"2025-05-05T12:51:21","guid":{"rendered":"https:\/\/mobecor.ee\/?post_type=product&#038;p=22412"},"modified":"2026-04-07T14:35:05","modified_gmt":"2026-04-07T11:35:05","slug":"nurgadiivanvoodi-colombo-l","status":"publish","type":"product","link":"https:\/\/mobecor.ee\/en\/toode\/nurgadiivanvoodi-colombo-l\/","title":{"rendered":"Nurgadiivanv Colombo L (296\/227)"},"content":{"rendered":"<p>Relax mehhanismiga nurgadiivan.<br \/>\nRelax mehhanism v\u00f5imaldab mugavalt muuta istumisosa s\u00fcgavust.<br \/>\nNurgadiivanil on reguleeritavad peatoed ja pesukast v\u00e4ljaulatuva osa all.<br \/>\nVedrustus: sik-sak.<br \/>\nToodetud: Poolas.<br \/>\nNB! Hind kehtib I grupi kangastega (piltidel I grupi kangad).<br \/>\nSuuremat kangavalikut on v\u00f5imalik n\u00e4ha Mobecori m\u00f6\u00f6blipoes V\u00f5rus.<span style=\"font-size: 14px;\"><br \/>\n<\/span><\/p>\n","protected":false},"excerpt":{"rendered":"<p>Laius: 296 cm.<br \/>\nS\u00fcgavus:\u00a0113\/227 cm.<br \/>\nK\u00f5rgus:\u00a081\/103 cm.<br \/>\nIstumisk\u00f5rgus: 45 cm.<br \/>\nMagamiskoht:\u00a088 x 216 cm.<br \/>\nPesukast:\u00a0112 x 96 x 19 cm.<br \/>\nJala k\u00f5rgus: 5 cm.<br \/>\nTarneaeg: 10-16 n\u00e4dalat.<\/p>\n","protected":false},"featured_media":8220,"template":"","meta":{"_acf_changed":false,"inline_featured_image":false},"series":[],"product_brand":[2955],"product_cat":[213],"product_tag":[],"class_list":{"0":"post-22412","1":"product","2":"type-product","3":"status-publish","4":"has-post-thumbnail","6":"product_brand-wersal","7":"product_cat-nurgadiivanid","9":"first","10":"instock","11":"taxable","12":"shipping-taxable","13":"purchasable","14":"product-type-simple"},"acf":[],"_links":{"self":[{"href":"https:\/\/mobecor.ee\/en\/wp-json\/wp\/v2\/product\/22412","targetHints":{"allow":["GET"]}}],"collection":[{"href":"https:\/\/mobecor.ee\/en\/wp-json\/wp\/v2\/product"}],"about":[{"href":"https:\/\/mobecor.ee\/en\/wp-json\/wp\/v2\/types\/product"}],"wp:featuredmedia":[{"embeddable":true,"href":"https:\/\/mobecor.ee\/en\/wp-json\/wp\/v2\/media\/8220"}],"wp:attachment":[{"href":"https:\/\/mobecor.ee\/en\/wp-json\/wp\/v2\/media?parent=22412"}],"wp:term":[{"taxonomy":"series","embeddable":true,"href":"https:\/\/mobecor.ee\/en\/wp-json\/wp\/v2\/series?post=22412"},{"taxonomy":"product_brand","embeddable":true,"href":"https:\/\/mobecor.ee\/en\/wp-json\/wp\/v2\/product_brand?post=22412"},{"taxonomy":"product_cat","embeddable":true,"href":"https:\/\/mobecor.ee\/en\/wp-json\/wp\/v2\/product_cat?post=22412"},{"taxonomy":"product_tag","embeddable":true,"href":"https:\/\/mobecor.ee\/en\/wp-json\/wp\/v2\/product_tag?post=22412"}],"curies":[{"name":"wp","href":"https:\/\/api.w.org\/{rel}","templated":true}]}}