{"id":22413,"date":"2025-05-05T12:51:26","date_gmt":"2025-05-05T12:51:26","guid":{"rendered":"https:\/\/mobecor.ee\/?post_type=product&#038;p=22413"},"modified":"2026-04-07T14:34:59","modified_gmt":"2026-04-07T11:34:59","slug":"nurgadiivanvoodi-colombo-xl","status":"publish","type":"product","link":"https:\/\/mobecor.ee\/en\/toode\/nurgadiivanvoodi-colombo-xl\/","title":{"rendered":"Nurgadiivan Colombo XL (376\/227)"},"content":{"rendered":"<p>Relax mehhanismiga U kujuline nurgadiivan.<br \/>\nRelax mehhanism v\u00f5imaldab mugavalt muuta keskmise istumisosa s\u00fcgavust.<br \/>\nNurgadiivanil on reguleeritavad peatoed ja pesukast v\u00e4ljaulatuva osa all.<br \/>\nVedrustus: sik-sak.<br \/>\nToodetud: Poolas.<br \/>\nNB! Hind kehtib I grupi kangastega (piltidel I grupi kangad).<br \/>\nSuuremat kangavalikut on v\u00f5imalik n\u00e4ha Mobecori m\u00f6\u00f6blipoes V\u00f5rus.<span style=\"font-size: 14px;\"><br \/>\n<\/span><\/p>\n","protected":false},"excerpt":{"rendered":"<p>Laius: 376 cm.<br \/>\nS\u00fcgavus: 182\/227\u00a0cm.<br \/>\nK\u00f5rgus:\u00a081\/103 cm.<br \/>\nIstumisk\u00f5rgus:\u00a045 cm.<br \/>\nMagamiskoht:\u00a088 x 296 cm.<br \/>\nPesukast:\u00a0112 x 96 x 19 cm.<br \/>\nJala k\u00f5rgus: 5 cm.<br \/>\nTarneaeg: 10-16 n\u00e4dalat.<\/p>\n","protected":false},"featured_media":8222,"template":"","meta":{"_acf_changed":false,"inline_featured_image":false},"series":[],"product_brand":[2955],"product_cat":[213],"product_tag":[],"class_list":{"0":"post-22413","1":"product","2":"type-product","3":"status-publish","4":"has-post-thumbnail","6":"product_brand-wersal","7":"product_cat-nurgadiivanid","9":"first","10":"instock","11":"taxable","12":"shipping-taxable","13":"purchasable","14":"product-type-simple"},"acf":[],"_links":{"self":[{"href":"https:\/\/mobecor.ee\/en\/wp-json\/wp\/v2\/product\/22413","targetHints":{"allow":["GET"]}}],"collection":[{"href":"https:\/\/mobecor.ee\/en\/wp-json\/wp\/v2\/product"}],"about":[{"href":"https:\/\/mobecor.ee\/en\/wp-json\/wp\/v2\/types\/product"}],"wp:featuredmedia":[{"embeddable":true,"href":"https:\/\/mobecor.ee\/en\/wp-json\/wp\/v2\/media\/8222"}],"wp:attachment":[{"href":"https:\/\/mobecor.ee\/en\/wp-json\/wp\/v2\/media?parent=22413"}],"wp:term":[{"taxonomy":"series","embeddable":true,"href":"https:\/\/mobecor.ee\/en\/wp-json\/wp\/v2\/series?post=22413"},{"taxonomy":"product_brand","embeddable":true,"href":"https:\/\/mobecor.ee\/en\/wp-json\/wp\/v2\/product_brand?post=22413"},{"taxonomy":"product_cat","embeddable":true,"href":"https:\/\/mobecor.ee\/en\/wp-json\/wp\/v2\/product_cat?post=22413"},{"taxonomy":"product_tag","embeddable":true,"href":"https:\/\/mobecor.ee\/en\/wp-json\/wp\/v2\/product_tag?post=22413"}],"curies":[{"name":"wp","href":"https:\/\/api.w.org\/{rel}","templated":true}]}}