{"id":22665,"date":"2025-05-06T05:04:23","date_gmt":"2025-05-06T05:04:23","guid":{"rendered":"https:\/\/mobecor.ee\/?post_type=product&#038;p=22665"},"modified":"2026-02-28T10:13:34","modified_gmt":"2026-02-28T08:13:34","slug":"kummut-panama-pa24","status":"publish","type":"product","link":"https:\/\/mobecor.ee\/en\/toode\/kummut-panama-pa24\/","title":{"rendered":"Kummut Panama PA24 (60\/44\/122)"},"content":{"rendered":"<p><span style=\"font-size: 10pt;\">Kummutil on 6 sahtlit.<\/span><br \/>\n<span style=\"line-height: 1.3em; font-size: 10pt;\">Materjal: kvaliteetne ja vastupidav melamiinkattega laminaat.<\/span><br \/>\n<span style=\"font-size: 10pt;\">V\u00e4rvivalik: tamm Soma tume (DSC); valge k\u00f5rgl\u00e4ikega\/tamm Soma tume (BI\/DSC); valge k\u00f5rgl\u00e4ikega (BI).<\/span><br \/>\n<span style=\"line-height: 1.3em; font-size: 10pt;\">Toodetud: Poolas.<\/span><br \/>\n<span style=\"line-height: 1.3em; font-size: 10pt;\">Toode tarnitakse detailidena.<\/span><\/p>\n<p>&nbsp;<\/p>\n","protected":false},"excerpt":{"rendered":"<p><span style=\"line-height: 1.3em; font-size: 10pt;\">Laius: 60 cm.<br \/>\nS\u00fcgavus: 44 cm.<br \/>\nK\u00f5rgus:\u00a0122 cm.<br \/>\nTarneaeg: 4-8 n\u00e4dalat.<\/span><\/p>\n<p>NB! Laos kohe olemas v\u00e4rviga: tamm Soma tume <span style=\"font-size: 10pt;\">(<\/span>DSC).<\/p>\n","protected":false},"featured_media":41570,"template":"","meta":{"_acf_changed":false,"inline_featured_image":false},"series":[2812],"product_brand":[2947],"product_cat":[36,2928],"product_tag":[],"class_list":{"0":"post-22665","1":"product","2":"type-product","3":"status-publish","4":"has-post-thumbnail","6":"series-panama","7":"product_brand-bodzio","8":"product_cat-kummutid","9":"product_cat-kummutid-ja-kapid-laos","11":"first","12":"instock","13":"taxable","14":"shipping-taxable","15":"purchasable","16":"product-type-variable"},"acf":[],"_links":{"self":[{"href":"https:\/\/mobecor.ee\/en\/wp-json\/wp\/v2\/product\/22665","targetHints":{"allow":["GET"]}}],"collection":[{"href":"https:\/\/mobecor.ee\/en\/wp-json\/wp\/v2\/product"}],"about":[{"href":"https:\/\/mobecor.ee\/en\/wp-json\/wp\/v2\/types\/product"}],"wp:featuredmedia":[{"embeddable":true,"href":"https:\/\/mobecor.ee\/en\/wp-json\/wp\/v2\/media\/41570"}],"wp:attachment":[{"href":"https:\/\/mobecor.ee\/en\/wp-json\/wp\/v2\/media?parent=22665"}],"wp:term":[{"taxonomy":"series","embeddable":true,"href":"https:\/\/mobecor.ee\/en\/wp-json\/wp\/v2\/series?post=22665"},{"taxonomy":"product_brand","embeddable":true,"href":"https:\/\/mobecor.ee\/en\/wp-json\/wp\/v2\/product_brand?post=22665"},{"taxonomy":"product_cat","embeddable":true,"href":"https:\/\/mobecor.ee\/en\/wp-json\/wp\/v2\/product_cat?post=22665"},{"taxonomy":"product_tag","embeddable":true,"href":"https:\/\/mobecor.ee\/en\/wp-json\/wp\/v2\/product_tag?post=22665"}],"curies":[{"name":"wp","href":"https:\/\/api.w.org\/{rel}","templated":true}]}}