{"id":22666,"date":"2025-05-06T05:04:25","date_gmt":"2025-05-06T05:04:25","guid":{"rendered":"https:\/\/mobecor.ee\/?post_type=product&#038;p=22666"},"modified":"2025-10-02T14:05:52","modified_gmt":"2025-10-02T11:05:52","slug":"kirjutuslaud-panama-pa31","status":"publish","type":"product","link":"https:\/\/mobecor.ee\/en\/toode\/kirjutuslaud-panama-pa31\/","title":{"rendered":"Kirjutuslaud Panama PA31 (94\/49\/79)"},"content":{"rendered":"<p><span style=\"font-size: 10pt;\">Kirjutuslaual on 1 sahtel.<\/span><br \/>\n<span style=\"line-height: 1.3em; font-size: 10pt;\">Materjal: kvaliteetne ja vastupidav melamiinkattega laminaat.<\/span><br \/>\n<span style=\"font-size: 10pt;\">V\u00e4rvivalik:tamm Soma tume (DSC); valge k\u00f5rgl\u00e4ikega\/tamm Soma tume (BI\/DSC); valge k\u00f5rgl\u00e4ikega (BI).<\/span><br \/>\n<span style=\"line-height: 1.3em; font-size: 10pt;\">Toodetud: Poolas.<\/span><br \/>\n<span style=\"line-height: 1.3em; font-size: 10pt;\">Toode tarnitakse detailidena.<\/p>\n<p><\/span><\/p>\n","protected":false},"excerpt":{"rendered":"<p><span style=\"line-height: 1.3em; font-size: 10pt;\">Laius:\u00a094 cm.<br \/>\nS\u00fcgavus: 49 cm.<br \/>\nK\u00f5rgus:\u00a079 cm.<br \/>\nTarneaeg: 4-8 n\u00e4dalat.<br \/>\n<span style=\"font-size: 10pt;\"><span style=\"text-decoration: underline;\">NB! Laos kohe olemas v\u00e4rvid: valge (BI) ja tamm Soma tume (DSC).<\/span><\/span><br \/>\n<\/span><\/p>\n","protected":false},"featured_media":41576,"template":"","meta":{"_acf_changed":false,"inline_featured_image":false},"series":[2812],"product_brand":[2947],"product_cat":[97],"product_tag":[],"class_list":{"0":"post-22666","1":"product","2":"type-product","3":"status-publish","4":"has-post-thumbnail","6":"series-panama","7":"product_brand-bodzio","8":"product_cat-kirjutuslauad","10":"first","11":"instock","12":"taxable","13":"shipping-taxable","14":"purchasable","15":"product-type-variable"},"acf":[],"_links":{"self":[{"href":"https:\/\/mobecor.ee\/en\/wp-json\/wp\/v2\/product\/22666","targetHints":{"allow":["GET"]}}],"collection":[{"href":"https:\/\/mobecor.ee\/en\/wp-json\/wp\/v2\/product"}],"about":[{"href":"https:\/\/mobecor.ee\/en\/wp-json\/wp\/v2\/types\/product"}],"wp:featuredmedia":[{"embeddable":true,"href":"https:\/\/mobecor.ee\/en\/wp-json\/wp\/v2\/media\/41576"}],"wp:attachment":[{"href":"https:\/\/mobecor.ee\/en\/wp-json\/wp\/v2\/media?parent=22666"}],"wp:term":[{"taxonomy":"series","embeddable":true,"href":"https:\/\/mobecor.ee\/en\/wp-json\/wp\/v2\/series?post=22666"},{"taxonomy":"product_brand","embeddable":true,"href":"https:\/\/mobecor.ee\/en\/wp-json\/wp\/v2\/product_brand?post=22666"},{"taxonomy":"product_cat","embeddable":true,"href":"https:\/\/mobecor.ee\/en\/wp-json\/wp\/v2\/product_cat?post=22666"},{"taxonomy":"product_tag","embeddable":true,"href":"https:\/\/mobecor.ee\/en\/wp-json\/wp\/v2\/product_tag?post=22666"}],"curies":[{"name":"wp","href":"https:\/\/api.w.org\/{rel}","templated":true}]}}