{"id":22681,"date":"2025-05-06T05:05:30","date_gmt":"2025-05-06T05:05:30","guid":{"rendered":"https:\/\/mobecor.ee\/?post_type=product&#038;p=22681"},"modified":"2025-09-22T10:32:03","modified_gmt":"2025-09-22T07:32:03","slug":"seinariiul-latina-35","status":"publish","type":"product","link":"https:\/\/mobecor.ee\/en\/toode\/seinariiul-latina-35\/","title":{"rendered":"Seinariiul Latina 35 (155\/24\/15)"},"content":{"rendered":"<p><span style=\"line-height: 1.3em; font-size: 10pt;\">Materjal: naturaalsest harjatud tammespoonist m\u00f6\u00f6bliplaat +\u00a0<\/span><span style=\"line-height: 1.3em; font-size: 10pt;\">puidudekooriga lamineeritud m\u00f6\u00f6bliplaat.<br \/>\n<\/span><span style=\"line-height: 1.3em; font-size: 10pt;\">V\u00e4rv: \u00f5litatud meev\u00e4rvi tamm.<br \/>\n<\/span><span style=\"font-size: 10pt;\">Toodetud: Poolas.<br \/>\n<\/span><span style=\"line-height: 1.3em; font-size: 10pt;\">Toode tarnitakse detailidena.<br \/>\n<\/span><\/p>\n","protected":false},"excerpt":{"rendered":"<p><span style=\"line-height: 1.3em; font-size: 10pt;\">Laius: 155 cm.<br \/>\n<\/span><span style=\"line-height: 1.3em; font-size: 10pt;\">S\u00fcgavus: 24 cm.<br \/>\n<\/span><span style=\"line-height: 1.3em; font-size: 10pt;\">K\u00f5rgus: 15 cm.<br \/>\n<\/span><span style=\"font-size: 10pt;\"><span style=\"line-height: 1.3em;\">Kaal: 8 kg.<br \/>\n<\/span><\/span><span style=\"font-size: 10pt;\"><span style=\"line-height: 1.3em;\">Tarneaeg: 4-8 n\u00e4dalat.<\/span><\/span><\/p>\n","protected":false},"featured_media":7942,"template":"","meta":{"_acf_changed":false,"inline_featured_image":false},"series":[2769],"product_brand":[2941],"product_cat":[93],"product_tag":[],"class_list":{"0":"post-22681","1":"product","2":"type-product","3":"status-publish","4":"has-post-thumbnail","6":"series-latina","7":"product_brand-szynaka","8":"product_cat-seinariiulid","10":"first","11":"instock","12":"taxable","13":"shipping-taxable","14":"purchasable","15":"product-type-simple"},"acf":[],"_links":{"self":[{"href":"https:\/\/mobecor.ee\/en\/wp-json\/wp\/v2\/product\/22681","targetHints":{"allow":["GET"]}}],"collection":[{"href":"https:\/\/mobecor.ee\/en\/wp-json\/wp\/v2\/product"}],"about":[{"href":"https:\/\/mobecor.ee\/en\/wp-json\/wp\/v2\/types\/product"}],"wp:featuredmedia":[{"embeddable":true,"href":"https:\/\/mobecor.ee\/en\/wp-json\/wp\/v2\/media\/7942"}],"wp:attachment":[{"href":"https:\/\/mobecor.ee\/en\/wp-json\/wp\/v2\/media?parent=22681"}],"wp:term":[{"taxonomy":"series","embeddable":true,"href":"https:\/\/mobecor.ee\/en\/wp-json\/wp\/v2\/series?post=22681"},{"taxonomy":"product_brand","embeddable":true,"href":"https:\/\/mobecor.ee\/en\/wp-json\/wp\/v2\/product_brand?post=22681"},{"taxonomy":"product_cat","embeddable":true,"href":"https:\/\/mobecor.ee\/en\/wp-json\/wp\/v2\/product_cat?post=22681"},{"taxonomy":"product_tag","embeddable":true,"href":"https:\/\/mobecor.ee\/en\/wp-json\/wp\/v2\/product_tag?post=22681"}],"curies":[{"name":"wp","href":"https:\/\/api.w.org\/{rel}","templated":true}]}}