{"id":22685,"date":"2025-05-06T05:05:47","date_gmt":"2025-05-06T05:05:47","guid":{"rendered":"https:\/\/mobecor.ee\/?post_type=product&#038;p=22685"},"modified":"2025-09-22T10:43:21","modified_gmt":"2025-09-22T07:43:21","slug":"kummut-latina-46","status":"publish","type":"product","link":"https:\/\/mobecor.ee\/en\/toode\/kummut-latina-46\/","title":{"rendered":"Kummut Latina 46 (155\/42\/91)"},"content":{"rendered":"<p><span style=\"font-size: 10pt;\">Kummutil on 3 ust ja 3 sahtlit.<br \/>\n<\/span><span style=\"line-height: 1.3em; font-size: 10pt;\">Esipinnad: naturaalne harjatud tammepuit.<br \/>\n<\/span><span style=\"line-height: 1.3em; font-size: 10pt;\">Korpus v\u00e4limine: naturaalsest harjatud tammespoonist m\u00f6\u00f6bliplaat.<br \/>\n<\/span><span style=\"line-height: 1.3em; font-size: 10pt;\">Korpus sisemine: puidudekooriga lamineeritud m\u00f6\u00f6bliplaat.<br \/>\n<\/span><span style=\"line-height: 1.3em; font-size: 10pt;\">K\u00e4epidemed: kroomitud metallist.<br \/>\n<\/span><span style=\"line-height: 1.3em; font-size: 10pt;\">Jalad: kroomitud metallist.<br \/>\n<\/span><span style=\"line-height: 1.3em; font-size: 10pt;\">V\u00e4rv: \u00f5litatud meev\u00e4rvi tamm.<br \/>\n<\/span><span style=\"font-size: 10pt;\">Toodetud: Poolas.<br \/>\n<\/span><span style=\"line-height: 1.3em; font-size: 10pt;\">Toode tarnitakse kokkupanduna.<br \/>\n<\/span><span style=\"line-height: 1.3em; font-size: 10pt;\"><br \/>\n<\/span><span style=\"font-size: 10pt;\"><span style=\"line-height: 1.3em;\"><\/p>\n<p><\/span><\/span><\/p>\n","protected":false},"excerpt":{"rendered":"<p><span style=\"line-height: 1.3em; font-size: 10pt;\">Laius: 155 cm.<br \/>\n<\/span><span style=\"line-height: 1.3em; font-size: 10pt;\">S\u00fcgavus: 42 cm.<br \/>\n<\/span><span style=\"line-height: 1.3em; font-size: 10pt;\">K\u00f5rgus:\u00a091 cm.<br \/>\n<\/span><span style=\"font-size: 10pt;\"><span style=\"line-height: 1.3em;\">Kaal: 66 kg.<br \/>\n<\/span><\/span><span style=\"line-height: 1.3em; font-size: 10pt;\">Tarneaeg: 4-8 n\u00e4dalat.<\/span><\/p>\n","protected":false},"featured_media":7950,"template":"","meta":{"_acf_changed":false,"inline_featured_image":false},"series":[2769],"product_brand":[2941],"product_cat":[36],"product_tag":[],"class_list":{"0":"post-22685","1":"product","2":"type-product","3":"status-publish","4":"has-post-thumbnail","6":"series-latina","7":"product_brand-szynaka","8":"product_cat-kummutid","10":"first","11":"instock","12":"taxable","13":"shipping-taxable","14":"purchasable","15":"product-type-simple"},"acf":[],"_links":{"self":[{"href":"https:\/\/mobecor.ee\/en\/wp-json\/wp\/v2\/product\/22685","targetHints":{"allow":["GET"]}}],"collection":[{"href":"https:\/\/mobecor.ee\/en\/wp-json\/wp\/v2\/product"}],"about":[{"href":"https:\/\/mobecor.ee\/en\/wp-json\/wp\/v2\/types\/product"}],"wp:featuredmedia":[{"embeddable":true,"href":"https:\/\/mobecor.ee\/en\/wp-json\/wp\/v2\/media\/7950"}],"wp:attachment":[{"href":"https:\/\/mobecor.ee\/en\/wp-json\/wp\/v2\/media?parent=22685"}],"wp:term":[{"taxonomy":"series","embeddable":true,"href":"https:\/\/mobecor.ee\/en\/wp-json\/wp\/v2\/series?post=22685"},{"taxonomy":"product_brand","embeddable":true,"href":"https:\/\/mobecor.ee\/en\/wp-json\/wp\/v2\/product_brand?post=22685"},{"taxonomy":"product_cat","embeddable":true,"href":"https:\/\/mobecor.ee\/en\/wp-json\/wp\/v2\/product_cat?post=22685"},{"taxonomy":"product_tag","embeddable":true,"href":"https:\/\/mobecor.ee\/en\/wp-json\/wp\/v2\/product_tag?post=22685"}],"curies":[{"name":"wp","href":"https:\/\/api.w.org\/{rel}","templated":true}]}}