{"id":22686,"date":"2025-05-06T05:05:51","date_gmt":"2025-05-06T05:05:51","guid":{"rendered":"https:\/\/mobecor.ee\/?post_type=product&#038;p=22686"},"modified":"2025-09-24T11:18:34","modified_gmt":"2025-09-24T08:18:34","slug":"kummut-latina-48","status":"publish","type":"product","link":"https:\/\/mobecor.ee\/en\/toode\/kummut-latina-48\/","title":{"rendered":"Kummut Latina 48 (126\/134\/42)"},"content":{"rendered":"<p><span style=\"font-size: 10pt;\">Kummutil on 3 ust ja 1 klapiga uks.<br \/>\n<\/span><span style=\"font-size: 10pt;\">Klapiga uks on klaasiga, tagaseinas on peegel.<br \/>\n<\/span><span style=\"font-size: 10pt;\">Lisavalikuna v\u00f5imalik juurde osta led valgustus.<br \/>\n<\/span><span style=\"line-height: 1.3em; font-size: 10pt;\">Esipinnad: naturaalne harjatud tammepuit.<br \/>\n<\/span><span style=\"line-height: 1.3em; font-size: 10pt;\">Korpus v\u00e4limine: naturaalsest harjatud tammespoonist m\u00f6\u00f6bliplaat.<br \/>\n<\/span><span style=\"line-height: 1.3em; font-size: 10pt;\">Korpus sisemine: puidudekooriga lamineeritud m\u00f6\u00f6bliplaat.<br \/>\n<\/span><span style=\"line-height: 1.3em; font-size: 10pt;\">K\u00e4epidemed: kroomitud metallist.<br \/>\n<\/span><span style=\"line-height: 1.3em; font-size: 10pt;\">Jalad: kroomitud metallist.<br \/>\n<\/span><span style=\"line-height: 1.3em; font-size: 10pt;\">V\u00e4rv: \u00f5litatud meev\u00e4rvi tamm.<br \/>\n<\/span><span style=\"font-size: 10pt;\">Toodetud: Poolas.<br \/>\n<\/span><span style=\"line-height: 1.3em; font-size: 10pt;\">Toode tarnitakse kokkupanduna.<br \/>\n<\/span><span style=\"line-height: 1.3em; font-size: 10pt;\"><br \/>\n<\/span><\/p>\n<p>&nbsp;<\/p>\n","protected":false},"excerpt":{"rendered":"<p><span style=\"line-height: 1.3em; font-size: 10pt;\">Laius: 126 cm.<br \/>\n<\/span><span style=\"line-height: 1.3em; font-size: 10pt;\">K\u00f5rgus: 134 cm.<br \/>\n<\/span><span style=\"line-height: 1.3em; font-size: 10pt;\">S\u00fcgavus: 42 cm.<br \/>\n<\/span><span style=\"font-size: 10pt;\"><span style=\"line-height: 1.3em;\">Kaal: 88 kg.<br \/>\n<span style=\"line-height: 1.3em; font-size: 10pt;\">Tarneaeg: 4-8 n\u00e4dalat.<\/span><\/span><\/span><\/p>\n","protected":false},"featured_media":7952,"template":"","meta":{"_acf_changed":false,"inline_featured_image":false},"series":[2769],"product_brand":[2941],"product_cat":[36],"product_tag":[],"class_list":{"0":"post-22686","1":"product","2":"type-product","3":"status-publish","4":"has-post-thumbnail","6":"series-latina","7":"product_brand-szynaka","8":"product_cat-kummutid","10":"first","11":"instock","12":"taxable","13":"shipping-taxable","14":"purchasable","15":"product-type-variable"},"acf":[],"_links":{"self":[{"href":"https:\/\/mobecor.ee\/en\/wp-json\/wp\/v2\/product\/22686","targetHints":{"allow":["GET"]}}],"collection":[{"href":"https:\/\/mobecor.ee\/en\/wp-json\/wp\/v2\/product"}],"about":[{"href":"https:\/\/mobecor.ee\/en\/wp-json\/wp\/v2\/types\/product"}],"wp:featuredmedia":[{"embeddable":true,"href":"https:\/\/mobecor.ee\/en\/wp-json\/wp\/v2\/media\/7952"}],"wp:attachment":[{"href":"https:\/\/mobecor.ee\/en\/wp-json\/wp\/v2\/media?parent=22686"}],"wp:term":[{"taxonomy":"series","embeddable":true,"href":"https:\/\/mobecor.ee\/en\/wp-json\/wp\/v2\/series?post=22686"},{"taxonomy":"product_brand","embeddable":true,"href":"https:\/\/mobecor.ee\/en\/wp-json\/wp\/v2\/product_brand?post=22686"},{"taxonomy":"product_cat","embeddable":true,"href":"https:\/\/mobecor.ee\/en\/wp-json\/wp\/v2\/product_cat?post=22686"},{"taxonomy":"product_tag","embeddable":true,"href":"https:\/\/mobecor.ee\/en\/wp-json\/wp\/v2\/product_tag?post=22686"}],"curies":[{"name":"wp","href":"https:\/\/api.w.org\/{rel}","templated":true}]}}