{"id":22727,"date":"2025-05-06T05:08:21","date_gmt":"2025-05-06T05:08:21","guid":{"rendered":"https:\/\/mobecor.ee\/?post_type=product&#038;p=22727"},"modified":"2025-08-12T16:09:32","modified_gmt":"2025-08-12T13:09:32","slug":"madrats-melody-hybrid-80-200","status":"publish","type":"product","link":"https:\/\/mobecor.ee\/en\/toode\/madrats-melody-hybrid-80-200\/","title":{"rendered":"Madrats Melody (Hybrid kattega) 80*200"},"content":{"rendered":"<div><span style=\"font-size: 10pt;\">Melody on\u00a0antibakteriaalne\u00a0ja seentevastane lateksmadrats, mis sobib suurep\u00e4raselt\u00a0paaridele, sealhulgas\u00a0suure kaaluvahega inimestele,\u00a0l\u00fclisamba probleemidega\u00a0inimestele ja\u00a0pension\u00e4ridele.<br \/>\n<\/span><span style=\"font-size: 10pt;\">Melody sisu struktuur on valmistatud lateksist (18 cm), mis on profileeritud\u00a07 k\u00f5vadustsooniks, tagades t\u00e4iusliku toe.<br \/>\n<\/span><span style=\"font-size: 10pt;\">\u00dcksikutes tsoonides olevad avad tagavad madratsi\u00a0hea ventilatsiooni\u00a0ja seel\u00e4bi korraliku uneh\u00fcgieeni. Lateksi k\u00f5rge tihedus tagab tugevuse,\u00a0vastupidavuse\u00a0ja optimaalse painduvuse, mist\u00f5ttu on Melody hea valik ka suurema kaaluga inimestele, kuni 140 kg.<br \/>\n<\/span><span style=\"font-size: 10pt;\">Madratsi kate: kootud kangast valmistatud teppimata\u00a0Hybrid\u00a0kate, mille lisa venivus, tagab suurep\u00e4rase ventilatsiooni ja takistab kanga topiliseks muutumist<br \/>\n<\/span><span style=\"font-size: 10pt;\">Parema ventilatsiooni tagamiseks on k\u00fclgedel 3-D kangast riba.<br \/>\n<\/span><span style=\"font-size: 10pt;\">Varustatud mugavate k\u00e4epidemetega, mis h\u00f5lbustavad madratsi p\u00f6\u00f6ramist.<br \/>\nTutvustava tootevideo leiab <a href=\"https:\/\/www.youtube.com\/watch?v=GDI16vU6KxE\" target=\"_blank\" rel=\"noopener\">SIIT<\/a>.<\/span><\/div>\n<p>&nbsp;<\/p>\n","protected":false},"excerpt":{"rendered":"<p><span style=\"font-size: 10pt;\">Keskmise j\u00e4ikusega, 7-tsooniline, kahepoolne lateksmadrats.<br \/>\nLaius: 80 cm.<br \/>\nS\u00fcgavus: 200 cm.<br \/>\nK\u00f5rgus: 19 cm.<br \/>\nTarneaeg: 4 kuni 6 n\u00e4dalat.<\/span><\/p>\n","protected":false},"featured_media":7840,"template":"","meta":{"_acf_changed":false,"inline_featured_image":false},"series":[],"product_brand":[2856],"product_cat":[198],"product_tag":[],"class_list":{"0":"post-22727","1":"product","2":"type-product","3":"status-publish","4":"has-post-thumbnail","6":"product_brand-hilding","7":"product_cat-80-203","9":"first","10":"instock","11":"taxable","12":"shipping-taxable","13":"purchasable","14":"product-type-simple"},"acf":[],"_links":{"self":[{"href":"https:\/\/mobecor.ee\/en\/wp-json\/wp\/v2\/product\/22727","targetHints":{"allow":["GET"]}}],"collection":[{"href":"https:\/\/mobecor.ee\/en\/wp-json\/wp\/v2\/product"}],"about":[{"href":"https:\/\/mobecor.ee\/en\/wp-json\/wp\/v2\/types\/product"}],"wp:featuredmedia":[{"embeddable":true,"href":"https:\/\/mobecor.ee\/en\/wp-json\/wp\/v2\/media\/7840"}],"wp:attachment":[{"href":"https:\/\/mobecor.ee\/en\/wp-json\/wp\/v2\/media?parent=22727"}],"wp:term":[{"taxonomy":"series","embeddable":true,"href":"https:\/\/mobecor.ee\/en\/wp-json\/wp\/v2\/series?post=22727"},{"taxonomy":"product_brand","embeddable":true,"href":"https:\/\/mobecor.ee\/en\/wp-json\/wp\/v2\/product_brand?post=22727"},{"taxonomy":"product_cat","embeddable":true,"href":"https:\/\/mobecor.ee\/en\/wp-json\/wp\/v2\/product_cat?post=22727"},{"taxonomy":"product_tag","embeddable":true,"href":"https:\/\/mobecor.ee\/en\/wp-json\/wp\/v2\/product_tag?post=22727"}],"curies":[{"name":"wp","href":"https:\/\/api.w.org\/{rel}","templated":true}]}}