{"id":22742,"date":"2025-05-06T05:08:47","date_gmt":"2025-05-06T05:08:47","guid":{"rendered":"https:\/\/mobecor.ee\/?post_type=product&#038;p=22742"},"modified":"2025-12-29T09:28:25","modified_gmt":"2025-12-29T07:28:25","slug":"padi-extra-pure-classic-plus-mc-korgem-h-15-cm","status":"publish","type":"product","link":"https:\/\/mobecor.ee\/en\/toode\/padi-extra-pure-classic-plus-mc-korgem-h-15-cm\/","title":{"rendered":"Padi Extrapure Classic Plus MC (k\u00f5rgem, h=15 cm)"},"content":{"rendered":"<div class=\"itemIntroText\">\n<div class=\"itemIntroText\">\n<div class=\"itemIntroText\">\n<div class=\"itemIntroText\">\n<p>Valmistatud Memory poroloonist.<br \/>\nPakub suurep\u00e4rast tuge kaelale, v\u00e4hendades survet peale ja \u00f5lgadele.<br \/>\nPadi ei ole pestav.<br \/>\nPadjap\u00fc\u00fcr on allergiavaba ja pestav temperatuuril kuni 40\u00b0C.<\/p>\n<\/div>\n<\/div>\n<\/div>\n<\/div>\n","protected":false},"excerpt":{"rendered":"<p>Padi ExtraPure sobib neile, kes eelistavad keskmiselt k\u00f5va patja.<br \/>\nM\u00f5\u00f5dud: 40 x 60 x 15 cm.<br \/>\nTarneaeg: kuni 4 n\u00e4dalat.<\/p>\n","protected":false},"featured_media":7870,"template":"","meta":{"_acf_changed":false,"inline_featured_image":false},"series":[],"product_brand":[2860],"product_cat":[112],"product_tag":[],"class_list":{"0":"post-22742","1":"product","2":"type-product","3":"status-publish","4":"has-post-thumbnail","6":"product_brand-stroma","7":"product_cat-padjad","9":"first","10":"instock","11":"taxable","12":"shipping-taxable","13":"purchasable","14":"product-type-simple"},"acf":[],"_links":{"self":[{"href":"https:\/\/mobecor.ee\/en\/wp-json\/wp\/v2\/product\/22742","targetHints":{"allow":["GET"]}}],"collection":[{"href":"https:\/\/mobecor.ee\/en\/wp-json\/wp\/v2\/product"}],"about":[{"href":"https:\/\/mobecor.ee\/en\/wp-json\/wp\/v2\/types\/product"}],"wp:featuredmedia":[{"embeddable":true,"href":"https:\/\/mobecor.ee\/en\/wp-json\/wp\/v2\/media\/7870"}],"wp:attachment":[{"href":"https:\/\/mobecor.ee\/en\/wp-json\/wp\/v2\/media?parent=22742"}],"wp:term":[{"taxonomy":"series","embeddable":true,"href":"https:\/\/mobecor.ee\/en\/wp-json\/wp\/v2\/series?post=22742"},{"taxonomy":"product_brand","embeddable":true,"href":"https:\/\/mobecor.ee\/en\/wp-json\/wp\/v2\/product_brand?post=22742"},{"taxonomy":"product_cat","embeddable":true,"href":"https:\/\/mobecor.ee\/en\/wp-json\/wp\/v2\/product_cat?post=22742"},{"taxonomy":"product_tag","embeddable":true,"href":"https:\/\/mobecor.ee\/en\/wp-json\/wp\/v2\/product_tag?post=22742"}],"curies":[{"name":"wp","href":"https:\/\/api.w.org\/{rel}","templated":true}]}}