{"id":22743,"date":"2025-05-06T05:08:48","date_gmt":"2025-05-06T05:08:48","guid":{"rendered":"https:\/\/mobecor.ee\/?post_type=product&#038;p=22743"},"modified":"2025-12-29T09:28:10","modified_gmt":"2025-12-29T07:28:10","slug":"padi-extrapure-classic-watergel-full-mc-h-13-cm","status":"publish","type":"product","link":"https:\/\/mobecor.ee\/en\/toode\/padi-extrapure-classic-watergel-full-mc-h-13-cm\/","title":{"rendered":"Padi Extrapure Classic Watergel Full MC (h=15 cm)"},"content":{"rendered":"<div class=\"itemIntroText\">\n<div class=\"itemIntroText\">\n<div class=\"itemIntroText\">\n<div class=\"itemIntroText\">\n<p>Materjal on v\u00e4ga elastne, ei deformeeru ning erakordselt hea \u00f5hujuhtivusega.<br \/>\nMaterjal hingab ning padi p\u00fcsib kogu uneaja m\u00f5nusalt jahe.<br \/>\nPadi Watergel\u00ae vahust.<br \/>\nPakub suurep\u00e4rast tuge kaelale, v\u00e4hendades survet peale ja \u00f5lgadele.<br \/>\nPadi ei ole pestav.<br \/>\nPadjap\u00fc\u00fcr on allergiavaba ja pestav temperatuuril kuni 40\u00b0C.<\/p>\n<\/div>\n<\/div>\n<\/div>\n<\/div>\n","protected":false},"excerpt":{"rendered":"<p>Watergel\u00ae sisuga padjad on valmistatud innovaatilisest, k\u00f5rge tihedusega \u00a0pol\u00fcuretaangeelvahust.<br \/>\nM\u00f5\u00f5dud 40 x 60 x 15 cm<strong>.<br \/>\n<\/strong>Tarneaeg: 4-8 n\u00e4dalat.<\/p>\n","protected":false},"featured_media":7872,"template":"","meta":{"_acf_changed":false,"inline_featured_image":false},"series":[],"product_brand":[2860],"product_cat":[112],"product_tag":[],"class_list":{"0":"post-22743","1":"product","2":"type-product","3":"status-publish","4":"has-post-thumbnail","6":"product_brand-stroma","7":"product_cat-padjad","9":"first","10":"instock","11":"taxable","12":"shipping-taxable","13":"purchasable","14":"product-type-simple"},"acf":[],"_links":{"self":[{"href":"https:\/\/mobecor.ee\/en\/wp-json\/wp\/v2\/product\/22743","targetHints":{"allow":["GET"]}}],"collection":[{"href":"https:\/\/mobecor.ee\/en\/wp-json\/wp\/v2\/product"}],"about":[{"href":"https:\/\/mobecor.ee\/en\/wp-json\/wp\/v2\/types\/product"}],"wp:featuredmedia":[{"embeddable":true,"href":"https:\/\/mobecor.ee\/en\/wp-json\/wp\/v2\/media\/7872"}],"wp:attachment":[{"href":"https:\/\/mobecor.ee\/en\/wp-json\/wp\/v2\/media?parent=22743"}],"wp:term":[{"taxonomy":"series","embeddable":true,"href":"https:\/\/mobecor.ee\/en\/wp-json\/wp\/v2\/series?post=22743"},{"taxonomy":"product_brand","embeddable":true,"href":"https:\/\/mobecor.ee\/en\/wp-json\/wp\/v2\/product_brand?post=22743"},{"taxonomy":"product_cat","embeddable":true,"href":"https:\/\/mobecor.ee\/en\/wp-json\/wp\/v2\/product_cat?post=22743"},{"taxonomy":"product_tag","embeddable":true,"href":"https:\/\/mobecor.ee\/en\/wp-json\/wp\/v2\/product_tag?post=22743"}],"curies":[{"name":"wp","href":"https:\/\/api.w.org\/{rel}","templated":true}]}}