{"id":22774,"date":"2025-05-06T05:10:08","date_gmt":"2025-05-06T05:10:08","guid":{"rendered":"https:\/\/mobecor.ee\/?post_type=product&#038;p=22774"},"modified":"2025-10-02T13:59:12","modified_gmt":"2025-10-02T10:59:12","slug":"jalanoudekapp-pink-panama-pa63","status":"publish","type":"product","link":"https:\/\/mobecor.ee\/en\/toode\/jalanoudekapp-pink-panama-pa63\/","title":{"rendered":"Jalan\u00f5udekapp\/pink Panama PA63 (90\/35,5\/46,7)"},"content":{"rendered":"<p><span style=\"font-size: 10pt;\">Jalan\u00f5udekapil on 1 klapiga uks jalan\u00f5ude jaoks ja panipaik istme all.<\/span><br \/>\n<span style=\"font-size: 10pt; line-height: 1.3em;\">Materjal: kvaliteetne ja vastupidav melamiinkattega laminaat.<\/span><br \/>\n<span style=\"font-size: 10pt; line-height: 1.3em;\">V\u00e4rvivalik: tamm Soma tume (DSC); valge k\u00f5rgl\u00e4ikega (BI); valge\/tamm Soma tume (BI\/DSC).<\/span><br \/>\n<span style=\"font-size: 10pt; line-height: 1.3em;\">Toodetud: Poolas.<\/span><br \/>\n<span style=\"font-size: 10pt; line-height: 1.3em;\">Toode tarnitakse detailidena.<\/p>\n<p><\/span><\/p>\n","protected":false},"excerpt":{"rendered":"<p><span style=\"font-size: 10pt; line-height: 1.3em;\">Laius: 90 cm.<br \/>\nS\u00fcgavus: 35,5 cm.<br \/>\nK\u00f5rgus: 46,7 cm.<br \/>\nTarneaeg: 4-8 n\u00e4dalat.<\/span><\/p>\n","protected":false},"featured_media":41146,"template":"","meta":{"_acf_changed":false,"inline_featured_image":false},"series":[2812],"product_brand":[2947],"product_cat":[293],"product_tag":[],"class_list":{"0":"post-22774","1":"product","2":"type-product","3":"status-publish","4":"has-post-thumbnail","6":"series-panama","7":"product_brand-bodzio","8":"product_cat-jalanoudekapid","10":"first","11":"instock","12":"taxable","13":"shipping-taxable","14":"purchasable","15":"product-type-variable"},"acf":[],"_links":{"self":[{"href":"https:\/\/mobecor.ee\/en\/wp-json\/wp\/v2\/product\/22774","targetHints":{"allow":["GET"]}}],"collection":[{"href":"https:\/\/mobecor.ee\/en\/wp-json\/wp\/v2\/product"}],"about":[{"href":"https:\/\/mobecor.ee\/en\/wp-json\/wp\/v2\/types\/product"}],"wp:featuredmedia":[{"embeddable":true,"href":"https:\/\/mobecor.ee\/en\/wp-json\/wp\/v2\/media\/41146"}],"wp:attachment":[{"href":"https:\/\/mobecor.ee\/en\/wp-json\/wp\/v2\/media?parent=22774"}],"wp:term":[{"taxonomy":"series","embeddable":true,"href":"https:\/\/mobecor.ee\/en\/wp-json\/wp\/v2\/series?post=22774"},{"taxonomy":"product_brand","embeddable":true,"href":"https:\/\/mobecor.ee\/en\/wp-json\/wp\/v2\/product_brand?post=22774"},{"taxonomy":"product_cat","embeddable":true,"href":"https:\/\/mobecor.ee\/en\/wp-json\/wp\/v2\/product_cat?post=22774"},{"taxonomy":"product_tag","embeddable":true,"href":"https:\/\/mobecor.ee\/en\/wp-json\/wp\/v2\/product_tag?post=22774"}],"curies":[{"name":"wp","href":"https:\/\/api.w.org\/{rel}","templated":true}]}}