{"id":22778,"date":"2025-05-06T05:10:16","date_gmt":"2025-05-06T05:10:16","guid":{"rendered":"https:\/\/mobecor.ee\/?post_type=product&#038;p=22778"},"modified":"2025-10-02T13:33:54","modified_gmt":"2025-10-02T10:33:54","slug":"kapp-panama-pa52","status":"publish","type":"product","link":"https:\/\/mobecor.ee\/en\/toode\/kapp-panama-pa52\/","title":{"rendered":"Kapp Panama PA52 (45\/48\/74,5)"},"content":{"rendered":"<p><span style=\"line-height: 1.3em; font-size: 10pt;\">Materjal: kvaliteetne ja vastupidav melamiinkattega laminaat.<\/span><br \/>\n<span style=\"font-size: 10pt;\">V\u00e4rvivalik: tamm Soma tume (DSC); valge k\u00f5rgl\u00e4ikega (BI); valge k\u00f5rgl\u00e4ikega\/tamm Soma tume (BI\/DSC).<\/span><br \/>\n<span style=\"line-height: 1.3em; font-size: 10pt;\">Toodetud: Poolas.<\/span><br \/>\n<span style=\"line-height: 1.3em; font-size: 10pt;\">Toode tarnitakse detailidena.<\/p>\n<p><\/span><\/p>\n","protected":false},"excerpt":{"rendered":"<p><span style=\"line-height: 1.3em; font-size: 10pt;\">Laius: 45 cm.<br \/>\nS\u00fcgavus: 48 cm.<br \/>\nK\u00f5rgus: 74,5 cm.<br \/>\nTarneaeg: 4-8 n\u00e4dalat.<br \/>\n<\/span><span style=\"line-height: 1.3em; font-size: 10pt;\"><strong>NB! Laos kohe olemas v\u00e4rvid:<br \/>\n* tamm Soma tume (DSC);<br \/>\n*valge k\u00f5rgl\u00e4ikega\/tamm Soma tume (BI\/DSC).<\/strong><\/span><\/p>\n","protected":false},"featured_media":41174,"template":"","meta":{"_acf_changed":false,"inline_featured_image":false},"series":[2812],"product_brand":[2947],"product_cat":[2928,68,124],"product_tag":[],"class_list":{"0":"post-22778","1":"product","2":"type-product","3":"status-publish","4":"has-post-thumbnail","6":"series-panama","7":"product_brand-bodzio","8":"product_cat-kummutid-ja-kapid-laos","9":"product_cat-riiulid-ja-kapid","10":"product_cat-sahtliboksid","12":"first","13":"instock","14":"taxable","15":"shipping-taxable","16":"purchasable","17":"product-type-variable"},"acf":[],"_links":{"self":[{"href":"https:\/\/mobecor.ee\/en\/wp-json\/wp\/v2\/product\/22778","targetHints":{"allow":["GET"]}}],"collection":[{"href":"https:\/\/mobecor.ee\/en\/wp-json\/wp\/v2\/product"}],"about":[{"href":"https:\/\/mobecor.ee\/en\/wp-json\/wp\/v2\/types\/product"}],"wp:featuredmedia":[{"embeddable":true,"href":"https:\/\/mobecor.ee\/en\/wp-json\/wp\/v2\/media\/41174"}],"wp:attachment":[{"href":"https:\/\/mobecor.ee\/en\/wp-json\/wp\/v2\/media?parent=22778"}],"wp:term":[{"taxonomy":"series","embeddable":true,"href":"https:\/\/mobecor.ee\/en\/wp-json\/wp\/v2\/series?post=22778"},{"taxonomy":"product_brand","embeddable":true,"href":"https:\/\/mobecor.ee\/en\/wp-json\/wp\/v2\/product_brand?post=22778"},{"taxonomy":"product_cat","embeddable":true,"href":"https:\/\/mobecor.ee\/en\/wp-json\/wp\/v2\/product_cat?post=22778"},{"taxonomy":"product_tag","embeddable":true,"href":"https:\/\/mobecor.ee\/en\/wp-json\/wp\/v2\/product_tag?post=22778"}],"curies":[{"name":"wp","href":"https:\/\/api.w.org\/{rel}","templated":true}]}}