{"id":22782,"date":"2025-05-06T05:10:28","date_gmt":"2025-05-06T05:10:28","guid":{"rendered":"https:\/\/mobecor.ee\/?post_type=product&#038;p=22782"},"modified":"2025-12-29T09:25:10","modified_gmt":"2025-12-29T07:25:10","slug":"padi-latex-junior","status":"publish","type":"product","link":"https:\/\/mobecor.ee\/en\/toode\/padi-latex-junior\/","title":{"rendered":"Padi Latex Junior"},"content":{"rendered":"<div class=\"itemIntroText\">\n<div class=\"itemIntroText\">\n<div class=\"itemIntroText\">\n<div class=\"itemIntroText\">\n<p><span style=\"font-size: 10pt;\">Valmistatud naturaalsest ja \u00f6koloogilisest lateksist, kogu pind on perforeeritud v\u00e4ikeste aukudega, mis suurendab \u00f5huvahetuset ja tagab magades v\u00e4rske oleku.<\/span><br \/>\n<span style=\"font-size: 10pt;\">Padi ei ole pestav.<\/span><br \/>\n<span style=\"font-size: 10pt;\">Padjap\u00fc\u00fcr on allergiavaba ja pestav temperatuuril kuni 40\u00b0C.<\/span><br \/>\n<span style=\"font-size: 10pt;\">Toodetud: K\u00fcprosel.<br \/>\n<\/span><\/p>\n<\/div>\n<\/div>\n<\/div>\n<\/div>\n","protected":false},"excerpt":{"rendered":"<p><span style=\"font-size: 10pt;\">Latex Junior padi on m\u00f5eldud beebidele ja v\u00e4ikelastele.<br \/>\nM\u00f5\u00f5dud: 53 x 30 x 8 cm.<br \/>\nTarneaeg: kuni 4 n\u00e4dalat.<\/span><\/p>\n","protected":false},"featured_media":7750,"template":"","meta":{"_acf_changed":false,"inline_featured_image":false},"series":[],"product_brand":[2860],"product_cat":[112],"product_tag":[],"class_list":{"0":"post-22782","1":"product","2":"type-product","3":"status-publish","4":"has-post-thumbnail","6":"product_brand-stroma","7":"product_cat-padjad","9":"first","10":"instock","11":"taxable","12":"shipping-taxable","13":"purchasable","14":"product-type-simple"},"acf":[],"_links":{"self":[{"href":"https:\/\/mobecor.ee\/en\/wp-json\/wp\/v2\/product\/22782","targetHints":{"allow":["GET"]}}],"collection":[{"href":"https:\/\/mobecor.ee\/en\/wp-json\/wp\/v2\/product"}],"about":[{"href":"https:\/\/mobecor.ee\/en\/wp-json\/wp\/v2\/types\/product"}],"wp:featuredmedia":[{"embeddable":true,"href":"https:\/\/mobecor.ee\/en\/wp-json\/wp\/v2\/media\/7750"}],"wp:attachment":[{"href":"https:\/\/mobecor.ee\/en\/wp-json\/wp\/v2\/media?parent=22782"}],"wp:term":[{"taxonomy":"series","embeddable":true,"href":"https:\/\/mobecor.ee\/en\/wp-json\/wp\/v2\/series?post=22782"},{"taxonomy":"product_brand","embeddable":true,"href":"https:\/\/mobecor.ee\/en\/wp-json\/wp\/v2\/product_brand?post=22782"},{"taxonomy":"product_cat","embeddable":true,"href":"https:\/\/mobecor.ee\/en\/wp-json\/wp\/v2\/product_cat?post=22782"},{"taxonomy":"product_tag","embeddable":true,"href":"https:\/\/mobecor.ee\/en\/wp-json\/wp\/v2\/product_tag?post=22782"}],"curies":[{"name":"wp","href":"https:\/\/api.w.org\/{rel}","templated":true}]}}