{"id":22925,"date":"2025-05-06T05:17:44","date_gmt":"2025-05-06T05:17:44","guid":{"rendered":"https:\/\/mobecor.ee\/?post_type=product&#038;p=22925"},"modified":"2026-02-11T08:45:30","modified_gmt":"2026-02-11T06:45:30","slug":"ookapp-mezo-mz-19","status":"publish","type":"product","link":"https:\/\/mobecor.ee\/en\/toode\/ookapp-mezo-mz-19\/","title":{"rendered":"\u00d6\u00f6kapp Mezo MZ-19 (45\/40\/48)\/v\u00e4rvivalik"},"content":{"rendered":"<p>\u00d6\u00f6kapil on 1 uks.<br \/>\nMaterjal: kvaliteetne ja vastupidav\u00a0laminaat.<br \/>\nV\u00e4rvivalik: tamm Grand; tamm valge; alpivalge\/tamm Grand.<br \/>\nToodetud: Poolas.<br \/>\nToode tarnitakse detailidena.<\/p>\n","protected":false},"excerpt":{"rendered":"<p>Laius: 45 cm.<br \/>\nS\u00fcgavus: 40 cm.<br \/>\nK\u00f5rgus: 48 cm.<br \/>\nTarneaeg: 4-8 n\u00e4dalat.<\/p>\n","protected":false},"featured_media":7450,"template":"","meta":{"_acf_changed":false,"inline_featured_image":false},"series":[2790],"product_brand":[2943],"product_cat":[231],"product_tag":[],"class_list":{"0":"post-22925","1":"product","2":"type-product","3":"status-publish","4":"has-post-thumbnail","6":"series-mezo","7":"product_brand-mlotmeble","8":"product_cat-ookapid","10":"first","11":"instock","12":"taxable","13":"shipping-taxable","14":"purchasable","15":"product-type-simple"},"acf":[],"_links":{"self":[{"href":"https:\/\/mobecor.ee\/en\/wp-json\/wp\/v2\/product\/22925","targetHints":{"allow":["GET"]}}],"collection":[{"href":"https:\/\/mobecor.ee\/en\/wp-json\/wp\/v2\/product"}],"about":[{"href":"https:\/\/mobecor.ee\/en\/wp-json\/wp\/v2\/types\/product"}],"wp:featuredmedia":[{"embeddable":true,"href":"https:\/\/mobecor.ee\/en\/wp-json\/wp\/v2\/media\/7450"}],"wp:attachment":[{"href":"https:\/\/mobecor.ee\/en\/wp-json\/wp\/v2\/media?parent=22925"}],"wp:term":[{"taxonomy":"series","embeddable":true,"href":"https:\/\/mobecor.ee\/en\/wp-json\/wp\/v2\/series?post=22925"},{"taxonomy":"product_brand","embeddable":true,"href":"https:\/\/mobecor.ee\/en\/wp-json\/wp\/v2\/product_brand?post=22925"},{"taxonomy":"product_cat","embeddable":true,"href":"https:\/\/mobecor.ee\/en\/wp-json\/wp\/v2\/product_cat?post=22925"},{"taxonomy":"product_tag","embeddable":true,"href":"https:\/\/mobecor.ee\/en\/wp-json\/wp\/v2\/product_tag?post=22925"}],"curies":[{"name":"wp","href":"https:\/\/api.w.org\/{rel}","templated":true}]}}