{"id":22926,"date":"2025-05-06T05:17:46","date_gmt":"2025-05-06T05:17:46","guid":{"rendered":"https:\/\/mobecor.ee\/?post_type=product&#038;p=22926"},"modified":"2026-02-11T08:45:14","modified_gmt":"2026-02-11T06:45:14","slug":"voodi-mezo-mz-20-140","status":"publish","type":"product","link":"https:\/\/mobecor.ee\/en\/toode\/voodi-mezo-mz-20-140\/","title":{"rendered":"Voodi Mezo MZ-20 (140*200)\/v\u00e4rvivalik"},"content":{"rendered":"<p>Voodile sobib madrats m\u00f5\u00f5tudes 140 x 200 cm.<br \/>\nMadrats ei kuulu komplekti.<br \/>\nMaterjal: kvaliteetne ja vastupidav\u00a0laminaat.<br \/>\nV\u00e4rvivalik: tamm Grand; tamm valge; alpivalge\/tamm Grand.<br \/>\nToodetud: Poolas.<br \/>\nToode tarnitakse detailidena.<\/p>\n","protected":false},"excerpt":{"rendered":"<p>Laius: 145 cm.<br \/>\nK\u00f5rgus: 75 cm.<br \/>\nS\u00fcgavus: 210 cm.<br \/>\nTarneaeg: 4-8 n\u00e4dalat.<\/p>\n","protected":false},"featured_media":7452,"template":"","meta":{"_acf_changed":false,"inline_featured_image":false},"series":[2790],"product_brand":[2943],"product_cat":[4015],"product_tag":[],"class_list":{"0":"post-22926","1":"product","2":"type-product","3":"status-publish","4":"has-post-thumbnail","6":"series-mezo","7":"product_brand-mlotmeble","8":"product_cat-voodid-140-x-200","10":"first","11":"instock","12":"taxable","13":"shipping-taxable","14":"purchasable","15":"product-type-simple"},"acf":[],"_links":{"self":[{"href":"https:\/\/mobecor.ee\/en\/wp-json\/wp\/v2\/product\/22926","targetHints":{"allow":["GET"]}}],"collection":[{"href":"https:\/\/mobecor.ee\/en\/wp-json\/wp\/v2\/product"}],"about":[{"href":"https:\/\/mobecor.ee\/en\/wp-json\/wp\/v2\/types\/product"}],"wp:featuredmedia":[{"embeddable":true,"href":"https:\/\/mobecor.ee\/en\/wp-json\/wp\/v2\/media\/7452"}],"wp:attachment":[{"href":"https:\/\/mobecor.ee\/en\/wp-json\/wp\/v2\/media?parent=22926"}],"wp:term":[{"taxonomy":"series","embeddable":true,"href":"https:\/\/mobecor.ee\/en\/wp-json\/wp\/v2\/series?post=22926"},{"taxonomy":"product_brand","embeddable":true,"href":"https:\/\/mobecor.ee\/en\/wp-json\/wp\/v2\/product_brand?post=22926"},{"taxonomy":"product_cat","embeddable":true,"href":"https:\/\/mobecor.ee\/en\/wp-json\/wp\/v2\/product_cat?post=22926"},{"taxonomy":"product_tag","embeddable":true,"href":"https:\/\/mobecor.ee\/en\/wp-json\/wp\/v2\/product_tag?post=22926"}],"curies":[{"name":"wp","href":"https:\/\/api.w.org\/{rel}","templated":true}]}}